{"id":70,"date":"2023-08-15T17:56:33","date_gmt":"2023-08-15T17:56:33","guid":{"rendered":"http:\/\/po-r.de\/?page_id=70"},"modified":"2025-09-27T14:25:07","modified_gmt":"2025-09-27T14:25:07","slug":"impressum","status":"publish","type":"page","link":"https:\/\/www.po-r.de\/en\/impressum\/","title":{"rendered":"Imprint"},"content":{"rendered":"<p>Impressum der POR GmbH<br>Impressum gem\u00e4\u00df \u00a7 5 Telemediengesetz (TMG)<\/p>\n\n\n\n<p>Ruteeb GmbH<br>Schneiderm\u00fchlerstr. 12 b<br>33605 Bielefeld<\/p>\n\n\n\n<p>Tel. 0521 543 95420<br>Fax 0521&nbsp;949&nbsp;355&nbsp;68<br>Bei Eiligkeit : 015259379972 01626680333<br>www.po-r.de<br>Info@po-r.de<\/p>\n\n\n\n<p>Ruteeb POR GmbH<br>Schneiderm\u00fchlerstr. 12 b , Bielefeld 33605<br>Handelsregisternummer HRB : 45103<br>Bankkontos IBAN: DE27480501610100011261<br>Umsatzsteuer-Nr. 501010498057<br>SteuerID 305\/5862\/3045 Bielefeld<br>Gesch\u00e4ftsf\u00fchrer : Frau\u00a0Marwa\u00a0Elsuofi<br>Inhaltlich verantwortlich: Dr. Nuseem Ruteeb<\/p>\n\n\n\n<hr class=\"wp-block-separator has-alpha-channel-opacity\"\/>\n\n\n\n<p>Hinweis auf Online-Streitbeilegung und Verbraucherstreitschlichtung:<br>Die Europ\u00e4ische Kommission stellt eine Plattform zur Online-Streitbeilegung (OS) bereit:<br>http:\/\/ec.europa.eu\/consumers\/odr<\/p>\n\n\n\n<p>Unsere E-Mail-Adresse finden Sie oben unter unseren Kontaktdaten.<\/p>\n\n\n\n<p>Zur Teilnahme an einem Streitbeilegungsverfahren nach dem Verbraucherstreitbeilegungsgesetz (VSBG) sind wir nicht verpflichtet und nicht bereit.<\/p>\n\n\n\n<p>Haftungsausschluss<br>Haftung f\u00fcr Inhalte<\/p>\n\n\n\n<p>Als Diensteanbieter sind wir gem\u00e4\u00df \u00a7 7 Abs.1 TMG f\u00fcr eigene Inhalte auf diesen Seiten nach den allgemeinen Gesetzen verantwortlich. Nach \u00a7\u00a7 8 bis 10 TMG sind wir als Diensteanbieter jedoch nicht verpflichtet, \u00fcbermittelte oder gespeicherte fremde Informationen zu \u00fcberwachen oder nach Umst\u00e4nden zu forschen, die auf eine rechtswidrige T\u00e4tigkeit hinweisen. Verpflichtungen zur Entfernung oder Sperrung der Nutzung von Informationen nach den allgemeinen Gesetzen bleiben hiervon unber\u00fchrt. Eine diesbez\u00fcgliche Haftung ist jedoch erst ab dem Zeitpunkt der Kenntnis einer konkreten Rechtsverletzung m\u00f6glich. Bei Bekanntwerden von entsprechenden Rechtsverletzungen werden wir diese Inhalte umgehend entfernen.<\/p>\n\n\n\n<p>Haftung f\u00fcr Links<\/p>\n\n\n\n<p>Unser Angebot enth\u00e4lt Links zu externen Webseiten Dritter, auf deren Inhalte wir keinen Einfluss haben. Deshalb k\u00f6nnen wir f\u00fcr diese fremden Inhalte auch keine Gew\u00e4hr \u00fcbernehmen. F\u00fcr die Inhalte der verlinkten Seiten ist stets der jeweilige Anbieter oder Betreiber der Seiten verantwortlich. Die verlinkten Seiten wurden zum Zeitpunkt der Verlinkung auf m\u00f6gliche Rechtsverst\u00f6\u00dfe \u00fcberpr\u00fcft. Rechtswidrige Inhalte waren zum Zeitpunkt der Verlinkung nicht erkennbar. Eine permanente inhaltliche Kontrolle der verlinkten Seiten ist jedoch ohne konkrete Anhaltspunkte einer Rechtsverletzung nicht zumutbar. Bei Bekanntwerden von Rechtsverletzungen werden wir derartige Links umgehend entfernen.<\/p>\n\n\n\n<p>Urheberrecht<br>Die durch die Seitenbetreiber erstellten Inhalte und Werke auf diesen Seiten unterliegen dem deutschen Urheberrecht. Die Vervielf\u00e4ltigung, Bearbeitung, Verbreitung und jede Art der Verwertung au\u00dferhalb der Grenzen des Urheberrechtes bed\u00fcrfen der schriftlichen Zustimmung des jeweiligen Autors bzw. Erstellers. Downloads und Kopien dieser Seite sind nur f\u00fcr den privaten, nicht kommerziellen Gebrauch gestattet. Soweit die Inhalte auf dieser Seite nicht vom Betreiber erstellt wurden, werden die Urheberrechte Dritter beachtet. Insbesondere werden Inhalte Dritter als solche gekennzeichnet. Sollten Sie trotzdem auf eine Urheberrechtsverletzung aufmerksam werden, bitten wir um einen entsprechenden Hinweis. Bei Bekanntwerden von Rechtsverletzungen werden wir derartige Inhalte umgehend entfernen.<\/p>\n\n\n\n<hr class=\"wp-block-separator has-alpha-channel-opacity\"\/>\n\n\n\n<p>Hinweis auf Online-Streitbeilegung und Verbraucherstreitschlichtung:<br>Die Europ\u00e4ische Kommission stellt eine Plattform zur Online-Streitbeilegung (OS) bereit:<br>http:\/\/ec.europa.eu\/consumers\/odr<\/p>\n\n\n\n<p>Unsere E-Mail-Adresse finden Sie oben unter unseren Kontaktdaten.<\/p>\n\n\n\n<p>Zur Teilnahme an einem Streitbeilegungsverfahren nach dem Verbraucherstreitbeilegungsgesetz (VSBG) sind wir nicht verpflichtet und nicht bereit.<\/p>\n\n\n\n<p>Haftungsausschluss<br>Haftung f\u00fcr Inhalte<\/p>\n\n\n\n<p>Als Diensteanbieter sind wir gem\u00e4\u00df \u00a7 7 Abs.1 TMG f\u00fcr eigene Inhalte auf diesen Seiten nach den allgemeinen Gesetzen verantwortlich. Nach \u00a7\u00a7 8 bis 10 TMG sind wir als Diensteanbieter jedoch nicht verpflichtet, \u00fcbermittelte oder gespeicherte fremde Informationen zu \u00fcberwachen oder nach Umst\u00e4nden zu forschen, die auf eine rechtswidrige T\u00e4tigkeit hinweisen. Verpflichtungen zur Entfernung oder Sperrung der Nutzung von Informationen nach den allgemeinen Gesetzen bleiben hiervon unber\u00fchrt. Eine diesbez\u00fcgliche Haftung ist jedoch erst ab dem Zeitpunkt der Kenntnis einer konkreten Rechtsverletzung m\u00f6glich. Bei Bekanntwerden von entsprechenden Rechtsverletzungen werden wir diese Inhalte umgehend entfernen.<\/p>\n\n\n\n<p>Haftung f\u00fcr Links<\/p>\n\n\n\n<p>Unser Angebot enth\u00e4lt Links zu externen Webseiten Dritter, auf deren Inhalte wir keinen Einfluss haben. Deshalb k\u00f6nnen wir f\u00fcr diese fremden Inhalte auch keine Gew\u00e4hr \u00fcbernehmen. F\u00fcr die Inhalte der verlinkten Seiten ist stets der jeweilige Anbieter oder Betreiber der Seiten verantwortlich. Die verlinkten Seiten wurden zum Zeitpunkt der Verlinkung auf m\u00f6gliche Rechtsverst\u00f6\u00dfe \u00fcberpr\u00fcft. Rechtswidrige Inhalte waren zum Zeitpunkt der Verlinkung nicht erkennbar. Eine permanente inhaltliche Kontrolle der verlinkten Seiten ist jedoch ohne konkrete Anhaltspunkte einer Rechtsverletzung nicht zumutbar. Bei Bekanntwerden von Rechtsverletzungen werden wir derartige Links umgehend entfernen.<\/p>\n\n\n\n<p>Urheberrecht<br>Die durch die Seitenbetreiber erstellten Inhalte und Werke auf diesen Seiten unterliegen dem deutschen Urheberrecht. Die Vervielf\u00e4ltigung, Bearbeitung, Verbreitung und jede Art der Verwertung au\u00dferhalb der Grenzen des Urheberrechtes bed\u00fcrfen der schriftlichen Zustimmung des jeweiligen Autors bzw. Erstellers. Downloads und Kopien dieser Seite sind nur f\u00fcr den privaten, nicht kommerziellen Gebrauch gestattet. Soweit die Inhalte auf dieser Seite nicht vom Betreiber erstellt wurden, werden die Urheberrechte Dritter beachtet. Insbesondere werden Inhalte Dritter als solche gekennzeichnet. Sollten Sie trotzdem auf eine Urheberrechtsverletzung aufmerksam werden, bitten wir um einen entsprechenden Hinweis. Bei Bekanntwerden von Rechtsverletzungen werden wir derartige Inhalte umgehend entfernen.<\/p>","protected":false},"excerpt":{"rendered":"<p>Impressum der POR GmbHImpressum gem\u00e4\u00df \u00a7 5 Telemediengesetz (TMG) Ruteeb GmbHSchneiderm\u00fchlerstr. 12 b33605 Bielefeld Tel. 0521 543 95420Fax 0521&nbsp;949&nbsp;355&nbsp;68Bei Eiligkeit : 015259379972 01626680333www.po-r.deInfo@po-r.de Ruteeb POR GmbHSchneiderm\u00fchlerstr. 12 b , Bielefeld 33605Handelsregisternummer HRB : 45103Bankkontos IBAN: DE27480501610100011261Umsatzsteuer-Nr. 501010498057SteuerID 305\/5862\/3045 BielefeldGesch\u00e4ftsf\u00fchrer : Frau\u00a0Marwa\u00a0ElsuofiInhaltlich verantwortlich: Dr. Nuseem Ruteeb Hinweis auf Online-Streitbeilegung und Verbraucherstreitschlichtung:Die Europ\u00e4ische Kommission stellt eine Plattform [&hellip;]<\/p>\n","protected":false},"author":1,"featured_media":0,"parent":0,"menu_order":0,"comment_status":"closed","ping_status":"closed","template":"","meta":{"_uag_custom_page_level_css":"","site-sidebar-layout":"default","site-content-layout":"","ast-site-content-layout":"default","site-content-style":"default","site-sidebar-style":"default","ast-global-header-display":"","ast-banner-title-visibility":"","ast-main-header-display":"","ast-hfb-above-header-display":"","ast-hfb-below-header-display":"","ast-hfb-mobile-header-display":"","site-post-title":"","ast-breadcrumbs-content":"","ast-featured-img":"","footer-sml-layout":"","ast-disable-related-posts":"","theme-transparent-header-meta":"","adv-header-id-meta":"","stick-header-meta":"","header-above-stick-meta":"","header-main-stick-meta":"","header-below-stick-meta":"","astra-migrate-meta-layouts":"default","ast-page-background-enabled":"default","ast-page-background-meta":{"desktop":{"background-color":"var(--ast-global-color-4)","background-image":"","background-repeat":"repeat","background-position":"center center","background-size":"auto","background-attachment":"scroll","background-type":"","background-media":"","overlay-type":"","overlay-color":"","overlay-opacity":"","overlay-gradient":""},"tablet":{"background-color":"","background-image":"","background-repeat":"repeat","background-position":"center center","background-size":"auto","background-attachment":"scroll","background-type":"","background-media":"","overlay-type":"","overlay-color":"","overlay-opacity":"","overlay-gradient":""},"mobile":{"background-color":"","background-image":"","background-repeat":"repeat","background-position":"center center","background-size":"auto","background-attachment":"scroll","background-type":"","background-media":"","overlay-type":"","overlay-color":"","overlay-opacity":"","overlay-gradient":""}},"ast-content-background-meta":{"desktop":{"background-color":"var(--ast-global-color-5)","background-image":"","background-repeat":"repeat","background-position":"center center","background-size":"auto","background-attachment":"scroll","background-type":"","background-media":"","overlay-type":"","overlay-color":"","overlay-opacity":"","overlay-gradient":""},"tablet":{"background-color":"var(--ast-global-color-5)","background-image":"","background-repeat":"repeat","background-position":"center center","background-size":"auto","background-attachment":"scroll","background-type":"","background-media":"","overlay-type":"","overlay-color":"","overlay-opacity":"","overlay-gradient":""},"mobile":{"background-color":"var(--ast-global-color-5)","background-image":"","background-repeat":"repeat","background-position":"center center","background-size":"auto","background-attachment":"scroll","background-type":"","background-media":"","overlay-type":"","overlay-color":"","overlay-opacity":"","overlay-gradient":""}},"footnotes":""},"uagb_featured_image_src":{"full":false,"thumbnail":false,"medium":false,"medium_large":false,"large":false,"1536x1536":false,"2048x2048":false,"trp-custom-language-flag":false,"depicter-thumbnail":false},"uagb_author_info":{"display_name":"admin","author_link":"https:\/\/www.po-r.de\/en\/author\/admin\/"},"uagb_comment_info":0,"uagb_excerpt":"Impressum der POR GmbHImpressum gem\u00e4\u00df \u00a7 5 Telemediengesetz (TMG) Ruteeb GmbHSchneiderm\u00fchlerstr. 12 b33605 Bielefeld Tel. 0521 543 95420Fax 0521&nbsp;949&nbsp;355&nbsp;68Bei Eiligkeit : 015259379972 01626680333www.po-r.deInfo@po-r.de Ruteeb POR GmbHSchneiderm\u00fchlerstr. 12 b , Bielefeld 33605Handelsregisternummer HRB : 45103Bankkontos IBAN: DE27480501610100011261Umsatzsteuer-Nr. 501010498057SteuerID 305\/5862\/3045 BielefeldGesch\u00e4ftsf\u00fchrer : Frau\u00a0Marwa\u00a0ElsuofiInhaltlich verantwortlich: Dr. Nuseem Ruteeb Hinweis auf Online-Streitbeilegung und Verbraucherstreitschlichtung:Die Europ\u00e4ische Kommission stellt eine Plattform&hellip;","_links":{"self":[{"href":"https:\/\/www.po-r.de\/en\/wp-json\/wp\/v2\/pages\/70"}],"collection":[{"href":"https:\/\/www.po-r.de\/en\/wp-json\/wp\/v2\/pages"}],"about":[{"href":"https:\/\/www.po-r.de\/en\/wp-json\/wp\/v2\/types\/page"}],"author":[{"embeddable":true,"href":"https:\/\/www.po-r.de\/en\/wp-json\/wp\/v2\/users\/1"}],"replies":[{"embeddable":true,"href":"https:\/\/www.po-r.de\/en\/wp-json\/wp\/v2\/comments?post=70"}],"version-history":[{"count":7,"href":"https:\/\/www.po-r.de\/en\/wp-json\/wp\/v2\/pages\/70\/revisions"}],"predecessor-version":[{"id":1252,"href":"https:\/\/www.po-r.de\/en\/wp-json\/wp\/v2\/pages\/70\/revisions\/1252"}],"wp:attachment":[{"href":"https:\/\/www.po-r.de\/en\/wp-json\/wp\/v2\/media?parent=70"}],"curies":[{"name":"wp","href":"https:\/\/api.w.org\/{rel}","templated":true}]}}