{"id":640,"date":"2024-02-21T18:26:58","date_gmt":"2024-02-21T18:26:58","guid":{"rendered":"https:\/\/www.po-r.de\/?page_id=640"},"modified":"2024-02-24T12:44:42","modified_gmt":"2024-02-24T12:44:42","slug":"jobs-in-der-medizin-personalvermittlung-stellenangebote-personalorbit-ruteeb","status":"publish","type":"page","link":"https:\/\/www.po-r.de\/en\/leistungen\/jobs-in-der-medizin-personalvermittlung-stellenangebote-personalorbit-ruteeb\/","title":{"rendered":"Jobs in der Medizin \u2013 Personalvermittlung &#038; Stellenangebote \u2013 Personalorbit Ruteeb"},"content":{"rendered":"<div class=\"wp-block-cover alignfull is-light has-custom-content-position is-position-bottom-center\"><span aria-hidden=\"true\" class=\"wp-block-cover__background has-background-dim-20 has-background-dim\"><\/span><img loading=\"lazy\" decoding=\"async\" width=\"2560\" height=\"1707\" class=\"wp-block-cover__image-background wp-image-752\" alt=\"Jobs in der Medizin - Personalvermittlung &amp; Stellenangebote\" src=\"https:\/\/www.po-r.de\/wp-content\/uploads\/2024\/02\/pexels-gustavo-fring-4173251-scaled.jpg\" data-object-fit=\"cover\" srcset=\"https:\/\/www.po-r.de\/wp-content\/uploads\/2024\/02\/pexels-gustavo-fring-4173251-scaled.jpg 2560w, https:\/\/www.po-r.de\/wp-content\/uploads\/2024\/02\/pexels-gustavo-fring-4173251-300x200.jpg 300w, https:\/\/www.po-r.de\/wp-content\/uploads\/2024\/02\/pexels-gustavo-fring-4173251-1024x683.jpg 1024w, https:\/\/www.po-r.de\/wp-content\/uploads\/2024\/02\/pexels-gustavo-fring-4173251-768x512.jpg 768w, https:\/\/www.po-r.de\/wp-content\/uploads\/2024\/02\/pexels-gustavo-fring-4173251-1536x1024.jpg 1536w, https:\/\/www.po-r.de\/wp-content\/uploads\/2024\/02\/pexels-gustavo-fring-4173251-2048x1365.jpg 2048w, https:\/\/www.po-r.de\/wp-content\/uploads\/2024\/02\/pexels-gustavo-fring-4173251-200x133.jpg 200w\" sizes=\"(max-width: 2560px) 100vw, 2560px\" \/><div class=\"wp-block-cover__inner-container is-layout-flow wp-block-cover-is-layout-flow\">\n<h1 class=\"wp-block-heading alignfull has-text-align-left has-ast-global-color-0-color has-text-color has-link-color has-large-font-size wp-elements-1318be24c23cd829583a36c1753720db\"> Jobs in medicine <\/h1>\n\n\n\n<h2 class=\"wp-block-heading has-text-align-left has-medium-font-size\">Start your career in healthcare<\/h2>\n<\/div><\/div>\n\n\n\n<div style=\"height:50px\" aria-hidden=\"true\" class=\"wp-block-spacer\"><\/div>\n\n\n\n<p class=\"has-text-align-center translation-block\">Are you looking for <strong>jobs in medicinestrong<\/strong> or <strong>healthcare? <\/strong> We will find precisely the position that perfectly matches your skills and needs!<\/p>\n\n\n\n<div data-aos= \"zoom-in\" data-aos-duration=\"400\" data-aos-delay=\"0\" data-aos-easing=\"ease\" data-aos-once=\"true\" class=\"wp-block-uagb-buttons uagb-buttons__outer-wrap uagb-btn__default-btn uagb-btn-tablet__default-btn uagb-btn-mobile__default-btn uagb-block-319ee599\"><div class=\"uagb-buttons__wrap uagb-buttons-layout-wrap\">\n<div class=\"wp-block-uagb-buttons-child uagb-buttons__outer-wrap uagb-block-98f5ccd6 wp-block-button\"><div class=\"uagb-button__wrapper\"><a class=\"uagb-buttons-repeater wp-block-button__link\" aria-label=\"\" href=\"https:\/\/www.po-r.de\/en\/kontakt\/\" rel=\"follow noopener\" target=\"_blank\"><div class=\"uagb-button__link\">Contact us now. <\/div><\/a><\/div><\/div>\n<\/div><\/div>\n\n\n\n<div style=\"height:50px\" aria-hidden=\"true\" class=\"wp-block-spacer\"><\/div>\n\n\n\n<h2 class=\"wp-block-heading has-ast-global-color-0-color has-text-color has-link-color has-medium-font-size wp-elements-657aa867afe7b8d3a476675f6f2adca5\"><strong><strong>Our expertise in jobs in medicine and healthcare professions<\/strong> Berufe im Gesundheitswesen<\/strong><\/h2>\n\n\n\n<p class=\"translation-block\">We understand that your career in healthcare is not just a job but a calling. Therefore, we are committed to making the perfect connection between talented professionals and renowned medical institutions.<\/p>\n\n\n\n<h2 class=\"wp-block-heading has-ast-global-color-0-color has-text-color has-link-color has-medium-font-size wp-elements-1b56244fe1602f2149b7946e687a47d7 translation-block\">Jobs in medicine \u2013 career opportunities for doctors and nurses<\/h2>\n\n\n\n<p class=\"translation-block\">We offer a wide range of job <strong>opportunities for doctors,<\/strong> ranging from entry-level positions to leadership roles in various medical specialties. Through close collaborations with renowned healthcare institutions, we provide you access to reliable and <strong>high-quality job offers. As a comprehensive partner, we discreetly and efficiently accompany you in every phase of your job search \u2013 individual and <strong>personal support<\/strong> is our top priority.<\/p>\n\n\n\n<h2 class=\"wp-block-heading has-ast-global-color-0-color has-text-color has-link-color has-medium-font-size wp-elements-0e918648b6345e9e13d5cfb66add8e5f\">In five steps to your dream job<\/h2>\n\n\n\n<p>The path to your first job offer unfolds in five simple steps:<\/p>\n\n\n\n<ol>\n<li>Sign up with POR.<\/li>\n\n\n\n<li>After registering, a POR career advisor will call you to understand what is particularly important to you in your job search.<\/li>\n\n\n\n<li>You will receive job offers via email that match your preferences.<\/li>\n\n\n\n<li>If you like a job offer, POR will introduce you to the relevant clinic.<\/li>\n\n\n\n<li>Upon interest from the clinic, we confirm the job offer to you and prepare the relevant employment contracts on your behalf.<\/li>\n<\/ol>\n\n\n\n<div class=\"wp-block-group is-nowrap is-layout-flex wp-container-core-group-is-layout-1 wp-block-group-is-layout-flex\">\n<div class=\"wp-block-columns is-layout-flex wp-container-core-columns-is-layout-1 wp-block-columns-is-layout-flex\" style=\"border-style:none;border-width:0px;margin-top:0;margin-bottom:0;padding-right:0;padding-left:0\">\n<div class=\"wp-block-column is-layout-flow wp-block-column-is-layout-flow\" style=\"padding-top:0;padding-bottom:0;flex-basis:500px\">\n<figure class=\"wp-block-image aligncenter size-full is-resized\"><img loading=\"lazy\" decoding=\"async\" width=\"1024\" height=\"684\" src=\"https:\/\/www.po-r.de\/wp-content\/uploads\/2024\/02\/Unbenannt-1.jpg\" alt=\"Jobs in der Medizin - Personalvermittlung &amp; Stellenangebote - Personalorbit Ruteeb\" class=\"wp-image-540\" style=\"width:330px\" srcset=\"https:\/\/www.po-r.de\/wp-content\/uploads\/2024\/02\/Unbenannt-1.jpg 1024w, https:\/\/www.po-r.de\/wp-content\/uploads\/2024\/02\/Unbenannt-1-300x200.jpg 300w, https:\/\/www.po-r.de\/wp-content\/uploads\/2024\/02\/Unbenannt-1-768x513.jpg 768w\" sizes=\"(max-width: 1024px) 100vw, 1024px\" \/><\/figure>\n\n\n\n<p class=\"has-small-font-size\">        <\/p>\n\n\n\n<p class=\"has-small-font-size\"><\/p>\n\n\n\n<h3 class=\"wp-block-heading has-text-align-center\">For Doctors <\/h3>\n\n\n\n<p class=\"has-text-align-center\" style=\"padding-right:var(--wp--preset--spacing--50);padding-left:var(--wp--preset--spacing--50)\">Personalorbit Ruteeb specializes in connecting assistant and specialist doctors from various medical disciplines with healthcare institutions.           <\/p>\n\n\n\n<div data-aos= \"zoom-in\" data-aos-duration=\"400\" data-aos-delay=\"0\" data-aos-easing=\"ease\" data-aos-once=\"true\" class=\"wp-block-uagb-buttons uagb-buttons__outer-wrap uagb-btn__default-btn uagb-btn-tablet__default-btn uagb-btn-mobile__default-btn uagb-block-da558a63\"><div class=\"uagb-buttons__wrap uagb-buttons-layout-wrap\">\n<div class=\"wp-block-uagb-buttons-child uagb-buttons__outer-wrap uagb-block-748865c0 wp-block-button\"><div class=\"uagb-button__wrapper\"><a class=\"uagb-buttons-repeater wp-block-button__link\" aria-label=\"\" href=\"https:\/\/www.po-r.de\/en\/leistungen\/arzt-jobs-stellenangebote\/\" rel=\"follow noopener\" target=\"_blank\"><div class=\"uagb-button__link\">Services for doctors <\/div><\/a><\/div><\/div>\n<\/div><\/div>\n<\/div>\n\n\n\n<div class=\"wp-block-column is-layout-flow wp-block-column-is-layout-flow\" style=\"padding-top:0;padding-bottom:0;flex-basis:500px\">\n<figure class=\"wp-block-image aligncenter size-full is-resized\"><img loading=\"lazy\" decoding=\"async\" width=\"1024\" height=\"684\" src=\"http:\/\/po-r.de\/wp-content\/uploads\/2023\/08\/portrait-of-female-doctor-in-meeting-differential-focus-1024x684-1.jpg\" alt=\"Jobs in der Medizin - Personalvermittlung &amp; Stellenangebote - Personalorbit Ruteeb\" class=\"wp-image-43\" style=\"width:330px\" srcset=\"https:\/\/www.po-r.de\/wp-content\/uploads\/2023\/08\/portrait-of-female-doctor-in-meeting-differential-focus-1024x684-1.jpg 1024w, https:\/\/www.po-r.de\/wp-content\/uploads\/2023\/08\/portrait-of-female-doctor-in-meeting-differential-focus-1024x684-1-300x200.jpg 300w, https:\/\/www.po-r.de\/wp-content\/uploads\/2023\/08\/portrait-of-female-doctor-in-meeting-differential-focus-1024x684-1-768x513.jpg 768w\" sizes=\"(max-width: 1024px) 100vw, 1024px\" \/><\/figure>\n\n\n\n<p class=\"has-small-font-size\"><\/p>\n\n\n\n<p class=\"has-small-font-size\">        <\/p>\n\n\n\n<h3 class=\"wp-block-heading has-text-align-center\"><strong>For Nursing Staff<\/strong><\/h3>\n\n\n\n<p class=\"has-text-align-center\" style=\"padding-right:var(--wp--preset--spacing--50);padding-left:var(--wp--preset--spacing--50)\">Personalorbit Ruteeb provides nationwide recruitment services for nursing professionals and operating room specialists for various assignments at clinics and medical institutions.                <\/p>\n\n\n\n<div data-aos= \"zoom-in\" data-aos-duration=\"400\" data-aos-delay=\"0\" data-aos-easing=\"ease\" data-aos-once=\"true\" class=\"wp-block-uagb-buttons uagb-buttons__outer-wrap uagb-btn__default-btn uagb-btn-tablet__default-btn uagb-btn-mobile__default-btn uagb-block-bf7c119f\"><div class=\"uagb-buttons__wrap uagb-buttons-layout-wrap\">\n<div class=\"wp-block-uagb-buttons-child uagb-buttons__outer-wrap uagb-block-4b277a4e wp-block-button\"><div class=\"uagb-button__wrapper\"><a class=\"uagb-buttons-repeater wp-block-button__link\" aria-label=\"\" href=\"https:\/\/www.po-r.de\/en\/leistungen\/pflege-jobs-stellenangebote\/\" rel=\"follow noopener\" target=\"_blank\"><div class=\"uagb-button__link\">Services for nursing staff<\/div><\/a><\/div><\/div>\n<\/div><\/div>\n<\/div>\n<\/div>\n<\/div>\n\n\n\n<h3 class=\"wp-block-heading has-ast-global-color-0-color has-text-color has-link-color has-medium-font-size wp-elements-db2fabb5432b8886364f99e9d4ad0693\">Your benefits with Personalorbit Ruteeb:<\/h3>\n\n\n\n<ul>\n<li>We find the position that suits you, your needs, and skills best.<\/li>\n\n\n\n<li class=\"translation-block\">In our extensive network, we can access highly <strong>qualified medical personnel<\/strong> and <strong>renowned healthcare institutions<\/strong> that are not found on traditional job portals.<\/li>\n\n\n\n<li>As a holistic partner, we support you in every phase of your recruitment \u2013 discreetly and efficiently<\/li>\n<\/ul>\n\n\n\n<p class=\"translation-block\">Contact us now to learn more about <strong>our services<\/strong> and our support for you!<\/p>\n\n\n\n<div style=\"height:45px\" aria-hidden=\"true\" class=\"wp-block-spacer\"><\/div>\n\n\n\n<div data-aos= \"zoom-in\" data-aos-duration=\"400\" data-aos-delay=\"0\" data-aos-easing=\"ease\" data-aos-once=\"true\" class=\"wp-block-uagb-buttons uagb-buttons__outer-wrap uagb-btn__default-btn uagb-btn-tablet__default-btn uagb-btn-mobile__default-btn uagb-block-2e7988fe\"><div class=\"uagb-buttons__wrap uagb-buttons-layout-wrap\">\n<div class=\"wp-block-uagb-buttons-child uagb-buttons__outer-wrap uagb-block-a829f22e wp-block-button\"><div class=\"uagb-button__wrapper\"><a class=\"uagb-buttons-repeater wp-block-button__link\" aria-label=\"\" href=\"https:\/\/www.po-r.de\/en\/kontakt\/\" rel=\"follow noopener\" target=\"_blank\"><div class=\"uagb-button__link\">Contact us now. <\/div><\/a><\/div><\/div>\n<\/div><\/div>\n\n\n\n<div style=\"height:118px\" aria-hidden=\"true\" class=\"wp-block-spacer\"><\/div>","protected":false},"excerpt":{"rendered":"<p>Sie sind auf der Suche nach Jobs in der Medizin bzw. im Gesundheitswesen? Wir finden f\u00fcr Sie nicht irgendeinen Job, sondern genau die Stelle, die perfekt zu Ihren F\u00e4higkeiten und Bed\u00fcrfnissen passt! Unsere Expertise f\u00fcr Jobs in der Medizin und Berufe im Gesundheitswesen Wir verstehen, dass Ihre Karriere im Gesundheitswesen nicht nur ein Beruf, sondern [&hellip;]<\/p>\n","protected":false},"author":1,"featured_media":661,"parent":117,"menu_order":0,"comment_status":"closed","ping_status":"closed","template":"","meta":{"_uag_custom_page_level_css":"","site-sidebar-layout":"default","site-content-layout":"","ast-site-content-layout":"default","site-content-style":"default","site-sidebar-style":"default","ast-global-header-display":"","ast-banner-title-visibility":"","ast-main-header-display":"","ast-hfb-above-header-display":"","ast-hfb-below-header-display":"","ast-hfb-mobile-header-display":"","site-post-title":"disabled","ast-breadcrumbs-content":"","ast-featured-img":"","footer-sml-layout":"","ast-disable-related-posts":"","theme-transparent-header-meta":"","adv-header-id-meta":"","stick-header-meta":"","header-above-stick-meta":"","header-main-stick-meta":"","header-below-stick-meta":"","astra-migrate-meta-layouts":"default","ast-page-background-enabled":"default","ast-page-background-meta":{"desktop":{"background-color":"var(--ast-global-color-4)","background-image":"","background-repeat":"repeat","background-position":"center center","background-size":"auto","background-attachment":"scroll","background-type":"","background-media":"","overlay-type":"","overlay-color":"","overlay-opacity":"","overlay-gradient":""},"tablet":{"background-color":"","background-image":"","background-repeat":"repeat","background-position":"center center","background-size":"auto","background-attachment":"scroll","background-type":"","background-media":"","overlay-type":"","overlay-color":"","overlay-opacity":"","overlay-gradient":""},"mobile":{"background-color":"","background-image":"","background-repeat":"repeat","background-position":"center center","background-size":"auto","background-attachment":"scroll","background-type":"","background-media":"","overlay-type":"","overlay-color":"","overlay-opacity":"","overlay-gradient":""}},"ast-content-background-meta":{"desktop":{"background-color":"var(--ast-global-color-5)","background-image":"","background-repeat":"repeat","background-position":"center center","background-size":"auto","background-attachment":"scroll","background-type":"","background-media":"","overlay-type":"","overlay-color":"","overlay-opacity":"","overlay-gradient":""},"tablet":{"background-color":"var(--ast-global-color-5)","background-image":"","background-repeat":"repeat","background-position":"center center","background-size":"auto","background-attachment":"scroll","background-type":"","background-media":"","overlay-type":"","overlay-color":"","overlay-opacity":"","overlay-gradient":""},"mobile":{"background-color":"var(--ast-global-color-5)","background-image":"","background-repeat":"repeat","background-position":"center center","background-size":"auto","background-attachment":"scroll","background-type":"","background-media":"","overlay-type":"","overlay-color":"","overlay-opacity":"","overlay-gradient":""}},"footnotes":""},"uagb_featured_image_src":{"full":["https:\/\/www.po-r.de\/wp-content\/uploads\/2024\/02\/Jobs-Medizin-Personalvermittlung-scaled.jpg",2560,1707,false],"thumbnail":["https:\/\/www.po-r.de\/wp-content\/uploads\/2024\/02\/Jobs-Medizin-Personalvermittlung-150x150.jpg",150,150,true],"medium":["https:\/\/www.po-r.de\/wp-content\/uploads\/2024\/02\/Jobs-Medizin-Personalvermittlung-300x200.jpg",300,200,true],"medium_large":["https:\/\/www.po-r.de\/wp-content\/uploads\/2024\/02\/Jobs-Medizin-Personalvermittlung-768x512.jpg",768,512,true],"large":["https:\/\/www.po-r.de\/wp-content\/uploads\/2024\/02\/Jobs-Medizin-Personalvermittlung-1024x683.jpg",1024,683,true],"1536x1536":["https:\/\/www.po-r.de\/wp-content\/uploads\/2024\/02\/Jobs-Medizin-Personalvermittlung-1536x1024.jpg",1536,1024,true],"2048x2048":["https:\/\/www.po-r.de\/wp-content\/uploads\/2024\/02\/Jobs-Medizin-Personalvermittlung-2048x1365.jpg",2048,1365,true],"trp-custom-language-flag":["https:\/\/www.po-r.de\/wp-content\/uploads\/2024\/02\/Jobs-Medizin-Personalvermittlung-scaled.jpg",18,12,false],"depicter-thumbnail":["https:\/\/www.po-r.de\/wp-content\/uploads\/2024\/02\/Jobs-Medizin-Personalvermittlung-scaled.jpg",200,133,false]},"uagb_author_info":{"display_name":"admin","author_link":"https:\/\/www.po-r.de\/en\/author\/admin\/"},"uagb_comment_info":0,"uagb_excerpt":"Sie sind auf der Suche nach Jobs in der Medizin bzw. im Gesundheitswesen? Wir finden f\u00fcr Sie nicht irgendeinen Job, sondern genau die Stelle, die perfekt zu Ihren F\u00e4higkeiten und Bed\u00fcrfnissen passt! Unsere Expertise f\u00fcr Jobs in der Medizin und Berufe im Gesundheitswesen Wir verstehen, dass Ihre Karriere im Gesundheitswesen nicht nur ein Beruf, sondern&hellip;","_links":{"self":[{"href":"https:\/\/www.po-r.de\/en\/wp-json\/wp\/v2\/pages\/640"}],"collection":[{"href":"https:\/\/www.po-r.de\/en\/wp-json\/wp\/v2\/pages"}],"about":[{"href":"https:\/\/www.po-r.de\/en\/wp-json\/wp\/v2\/types\/page"}],"author":[{"embeddable":true,"href":"https:\/\/www.po-r.de\/en\/wp-json\/wp\/v2\/users\/1"}],"replies":[{"embeddable":true,"href":"https:\/\/www.po-r.de\/en\/wp-json\/wp\/v2\/comments?post=640"}],"version-history":[{"count":19,"href":"https:\/\/www.po-r.de\/en\/wp-json\/wp\/v2\/pages\/640\/revisions"}],"predecessor-version":[{"id":754,"href":"https:\/\/www.po-r.de\/en\/wp-json\/wp\/v2\/pages\/640\/revisions\/754"}],"up":[{"embeddable":true,"href":"https:\/\/www.po-r.de\/en\/wp-json\/wp\/v2\/pages\/117"}],"wp:featuredmedia":[{"embeddable":true,"href":"https:\/\/www.po-r.de\/en\/wp-json\/wp\/v2\/media\/661"}],"wp:attachment":[{"href":"https:\/\/www.po-r.de\/en\/wp-json\/wp\/v2\/media?parent=640"}],"curies":[{"name":"wp","href":"https:\/\/api.w.org\/{rel}","templated":true}]}}