{"id":556,"date":"2024-02-17T08:23:32","date_gmt":"2024-02-17T08:23:32","guid":{"rendered":"https:\/\/www.po-r.de\/?page_id=556"},"modified":"2024-02-21T20:21:47","modified_gmt":"2024-02-21T20:21:47","slug":"pflege-jobs-stellenangebote","status":"publish","type":"page","link":"https:\/\/www.po-r.de\/en\/leistungen\/pflege-jobs-stellenangebote\/","title":{"rendered":"Pflege Jobs \u2013 Personalvermittlung &#038; Stellenangebote \u2013 Personalorbit Ruteeb"},"content":{"rendered":"<div class=\"wp-block-cover alignfull is-light has-custom-content-position is-position-bottom-center\"><span aria-hidden=\"true\" class=\"wp-block-cover__background has-background-dim-0 has-background-dim\"><\/span><img loading=\"lazy\" decoding=\"async\" width=\"2560\" height=\"1707\" class=\"wp-block-cover__image-background wp-image-557\" alt=\"Pflege Jobs - Personalvermittlung und Stellenangebote - Personalorbit Ruteeb GmbH\" src=\"https:\/\/www.po-r.de\/wp-content\/uploads\/2024\/02\/Pflegejobs-Personalvermittlung-scaled.jpg\" style=\"object-position:60% 21%\" data-object-fit=\"cover\" data-object-position=\"60% 21%\" srcset=\"https:\/\/www.po-r.de\/wp-content\/uploads\/2024\/02\/Pflegejobs-Personalvermittlung-scaled.jpg 2560w, https:\/\/www.po-r.de\/wp-content\/uploads\/2024\/02\/Pflegejobs-Personalvermittlung-300x200.jpg 300w, https:\/\/www.po-r.de\/wp-content\/uploads\/2024\/02\/Pflegejobs-Personalvermittlung-1024x683.jpg 1024w, https:\/\/www.po-r.de\/wp-content\/uploads\/2024\/02\/Pflegejobs-Personalvermittlung-768x512.jpg 768w, https:\/\/www.po-r.de\/wp-content\/uploads\/2024\/02\/Pflegejobs-Personalvermittlung-1536x1024.jpg 1536w, https:\/\/www.po-r.de\/wp-content\/uploads\/2024\/02\/Pflegejobs-Personalvermittlung-2048x1365.jpg 2048w\" sizes=\"(max-width: 2560px) 100vw, 2560px\" \/><div class=\"wp-block-cover__inner-container is-layout-flow wp-block-cover-is-layout-flow\">\n<h1 class=\"wp-block-heading alignfull has-text-align-right has-ast-global-color-5-color has-text-color has-link-color has-large-font-size wp-elements-408163c5b801dbbbf2661a83f2a95bbc translation-block\">Nursing jobs and job offers<\/h1>\n\n\n\n<h2 class=\"wp-block-heading has-text-align-right has-medium-font-size\">Your recruitment agency for nursing professionals<\/h2>\n<\/div><\/div>\n\n\n\n<div style=\"height:50px\" aria-hidden=\"true\" class=\"wp-block-spacer\"><\/div>\n\n\n\n<p class=\"has-text-align-center translation-block\">In the world of nursing, finding the right position is crucial to unleash your full professional potential. With our nursing jobs agency, we provide you with <strong>current job offers<\/strong> so you can take the next step in your career.<\/p>\n\n\n\n<div data-aos= \"zoom-in\" data-aos-duration=\"400\" data-aos-delay=\"0\" data-aos-easing=\"ease\" data-aos-once=\"true\" class=\"wp-block-uagb-buttons uagb-buttons__outer-wrap uagb-btn__default-btn uagb-btn-tablet__default-btn uagb-btn-mobile__default-btn uagb-block-319ee599\"><div class=\"uagb-buttons__wrap uagb-buttons-layout-wrap\">\n<div class=\"wp-block-uagb-buttons-child uagb-buttons__outer-wrap uagb-block-98f5ccd6 wp-block-button\"><div class=\"uagb-button__wrapper\"><a class=\"uagb-buttons-repeater wp-block-button__link\" href=\"https:\/\/www.po-r.de\/en\/kontakt\/\" onclick=\"return true;\" rel=\"follow noopener\" target=\"_blank\"><div class=\"uagb-button__link\">Discover nursing jobs<\/div><\/a><\/div><\/div>\n<\/div><\/div>\n\n\n\n<div style=\"height:50px\" aria-hidden=\"true\" class=\"wp-block-spacer\"><\/div>\n\n\n\n<h2 class=\"wp-block-heading has-ast-global-color-0-color has-text-color has-link-color has-medium-font-size wp-elements-d46d8c5a36a11406683167e415654824 translation-block\">Nursing jobs and jobs offers - Diverse opportunities for your career<\/h2>\n\n\n\n<p class=\"translation-block\">With us, you will find a <strong>variety of job offers.<\/strong> Whether you are a registered nurse, nursing specialist, or looking for a specialized nursing position, here you will find diverse career opportunities that meet your requirements. We provide a network with leading <strong>healthcare institutions, clinics, and practices<\/strong> to offer you exclusive job offers for nursing professionals. We are the central point of contact for anyone seeking new career challenges in the nursing industry. Explore the diverse career opportunities and find your dream job in nursing!<\/p>\n\n\n\n<p class=\"translation-block\">Our <strong>job board<\/strong> includes open positions for nursing professionals in various specialties, including:<\/p>\n\n\n\n<ul>\n<li>General Nursing<\/li>\n\n\n\n<li>Intensive Care Nursing<\/li>\n\n\n\n<li>Elderly Care Nursing<\/li>\n\n\n\n<li>Pediatric Nursing<\/li>\n\n\n\n<li>Oncology Nursing<\/li>\n\n\n\n<li>Anesthesia Nursing<\/li>\n\n\n\n<li>and many more<\/li>\n<\/ul>\n\n\n\n<div style=\"height:45px\" aria-hidden=\"true\" class=\"wp-block-spacer\"><\/div>\n\n\n\n<h3 class=\"wp-block-heading has-ast-global-color-0-color has-text-color has-link-color has-medium-font-size wp-elements-db2fabb5432b8886364f99e9d4ad0693\">Your benefits with Personalorbit Ruteeb:<\/h3>\n\n\n\n<ul>\n<li class=\"translation-block\">We offer a wide selection of <strong>open positions<\/strong> for nursing professionals, from entry-level positions to senior roles in various medical fields.<\/li>\n\n\n\n<li>We collaborate with renowned healthcare institutions to provide you with trusted and high-quality job offers.<\/li>\n\n\n\n<li>As a comprehensive partner, we support you in every phase of your job search \u2013 discreetly and efficiently.<\/li>\n<\/ul>\n\n\n\n<p>Contact us now to learn more about our services and how we can assist you in finding your dream job!<\/p>\n\n\n\n<div data-aos= \"zoom-in\" data-aos-duration=\"400\" data-aos-delay=\"0\" data-aos-easing=\"ease\" data-aos-once=\"true\" class=\"wp-block-uagb-buttons uagb-buttons__outer-wrap uagb-btn__default-btn uagb-btn-tablet__default-btn uagb-btn-mobile__default-btn uagb-block-2e7988fe\"><div class=\"uagb-buttons__wrap uagb-buttons-layout-wrap\">\n<div class=\"wp-block-uagb-buttons-child uagb-buttons__outer-wrap uagb-block-a829f22e wp-block-button\"><div class=\"uagb-button__wrapper\"><a class=\"uagb-buttons-repeater wp-block-button__link\" href=\"https:\/\/www.po-r.de\/en\/kontakt\/\" onclick=\"return true;\" rel=\"follow noopener\" target=\"_blank\"><div class=\"uagb-button__link\">Contact us now. <\/div><\/a><\/div><\/div>\n<\/div><\/div>\n\n\n\n<div style=\"height:118px\" aria-hidden=\"true\" class=\"wp-block-spacer\"><\/div>","protected":false},"excerpt":{"rendered":"<p>In der Welt der Pflege ist die richtige Position entscheidend, um Ihr volles berufliches Potenzial zu entfalten. Mit unserer Agentur f\u00fcr Pflege Jobs bieten Ihnen aktuelle Stellenangebote, damit Sie den n\u00e4chsten Schritt in Ihrer Karriere machen k\u00f6nnen. Pflege Jobs und Stellenangebot &#8211; Vielf\u00e4ltige M\u00f6glichkeiten f\u00fcr Ihre Karriere Bei uns finden Sie eine Vielzahl von Stellenangeboten. [&hellip;]<\/p>\n","protected":false},"author":1,"featured_media":557,"parent":117,"menu_order":0,"comment_status":"closed","ping_status":"closed","template":"","meta":{"_uag_custom_page_level_css":"","site-sidebar-layout":"default","site-content-layout":"","ast-site-content-layout":"default","site-content-style":"default","site-sidebar-style":"default","ast-global-header-display":"","ast-banner-title-visibility":"","ast-main-header-display":"","ast-hfb-above-header-display":"","ast-hfb-below-header-display":"","ast-hfb-mobile-header-display":"","site-post-title":"disabled","ast-breadcrumbs-content":"","ast-featured-img":"","footer-sml-layout":"","ast-disable-related-posts":"","theme-transparent-header-meta":"","adv-header-id-meta":"","stick-header-meta":"","header-above-stick-meta":"","header-main-stick-meta":"","header-below-stick-meta":"","astra-migrate-meta-layouts":"default","ast-page-background-enabled":"default","ast-page-background-meta":{"desktop":{"background-color":"var(--ast-global-color-4)","background-image":"","background-repeat":"repeat","background-position":"center center","background-size":"auto","background-attachment":"scroll","background-type":"","background-media":"","overlay-type":"","overlay-color":"","overlay-opacity":"","overlay-gradient":""},"tablet":{"background-color":"","background-image":"","background-repeat":"repeat","background-position":"center center","background-size":"auto","background-attachment":"scroll","background-type":"","background-media":"","overlay-type":"","overlay-color":"","overlay-opacity":"","overlay-gradient":""},"mobile":{"background-color":"","background-image":"","background-repeat":"repeat","background-position":"center center","background-size":"auto","background-attachment":"scroll","background-type":"","background-media":"","overlay-type":"","overlay-color":"","overlay-opacity":"","overlay-gradient":""}},"ast-content-background-meta":{"desktop":{"background-color":"var(--ast-global-color-5)","background-image":"","background-repeat":"repeat","background-position":"center center","background-size":"auto","background-attachment":"scroll","background-type":"","background-media":"","overlay-type":"","overlay-color":"","overlay-opacity":"","overlay-gradient":""},"tablet":{"background-color":"var(--ast-global-color-5)","background-image":"","background-repeat":"repeat","background-position":"center center","background-size":"auto","background-attachment":"scroll","background-type":"","background-media":"","overlay-type":"","overlay-color":"","overlay-opacity":"","overlay-gradient":""},"mobile":{"background-color":"var(--ast-global-color-5)","background-image":"","background-repeat":"repeat","background-position":"center center","background-size":"auto","background-attachment":"scroll","background-type":"","background-media":"","overlay-type":"","overlay-color":"","overlay-opacity":"","overlay-gradient":""}},"footnotes":""},"uagb_featured_image_src":{"full":["https:\/\/www.po-r.de\/wp-content\/uploads\/2024\/02\/Pflegejobs-Personalvermittlung-scaled.jpg",2560,1707,false],"thumbnail":["https:\/\/www.po-r.de\/wp-content\/uploads\/2024\/02\/Pflegejobs-Personalvermittlung-150x150.jpg",150,150,true],"medium":["https:\/\/www.po-r.de\/wp-content\/uploads\/2024\/02\/Pflegejobs-Personalvermittlung-300x200.jpg",300,200,true],"medium_large":["https:\/\/www.po-r.de\/wp-content\/uploads\/2024\/02\/Pflegejobs-Personalvermittlung-768x512.jpg",768,512,true],"large":["https:\/\/www.po-r.de\/wp-content\/uploads\/2024\/02\/Pflegejobs-Personalvermittlung-1024x683.jpg",1024,683,true],"1536x1536":["https:\/\/www.po-r.de\/wp-content\/uploads\/2024\/02\/Pflegejobs-Personalvermittlung-1536x1024.jpg",1536,1024,true],"2048x2048":["https:\/\/www.po-r.de\/wp-content\/uploads\/2024\/02\/Pflegejobs-Personalvermittlung-2048x1365.jpg",2048,1365,true],"trp-custom-language-flag":["https:\/\/www.po-r.de\/wp-content\/uploads\/2024\/02\/Pflegejobs-Personalvermittlung-scaled.jpg",18,12,false],"depicter-thumbnail":["https:\/\/www.po-r.de\/wp-content\/uploads\/2024\/02\/Pflegejobs-Personalvermittlung-scaled.jpg",200,133,false]},"uagb_author_info":{"display_name":"admin","author_link":"https:\/\/www.po-r.de\/en\/author\/admin\/"},"uagb_comment_info":0,"uagb_excerpt":"In der Welt der Pflege ist die richtige Position entscheidend, um Ihr volles berufliches Potenzial zu entfalten. Mit unserer Agentur f\u00fcr Pflege Jobs bieten Ihnen aktuelle Stellenangebote, damit Sie den n\u00e4chsten Schritt in Ihrer Karriere machen k\u00f6nnen. Pflege Jobs und Stellenangebot &#8211; Vielf\u00e4ltige M\u00f6glichkeiten f\u00fcr Ihre Karriere Bei uns finden Sie eine Vielzahl von Stellenangeboten.&hellip;","_links":{"self":[{"href":"https:\/\/www.po-r.de\/en\/wp-json\/wp\/v2\/pages\/556"}],"collection":[{"href":"https:\/\/www.po-r.de\/en\/wp-json\/wp\/v2\/pages"}],"about":[{"href":"https:\/\/www.po-r.de\/en\/wp-json\/wp\/v2\/types\/page"}],"author":[{"embeddable":true,"href":"https:\/\/www.po-r.de\/en\/wp-json\/wp\/v2\/users\/1"}],"replies":[{"embeddable":true,"href":"https:\/\/www.po-r.de\/en\/wp-json\/wp\/v2\/comments?post=556"}],"version-history":[{"count":2,"href":"https:\/\/www.po-r.de\/en\/wp-json\/wp\/v2\/pages\/556\/revisions"}],"predecessor-version":[{"id":674,"href":"https:\/\/www.po-r.de\/en\/wp-json\/wp\/v2\/pages\/556\/revisions\/674"}],"up":[{"embeddable":true,"href":"https:\/\/www.po-r.de\/en\/wp-json\/wp\/v2\/pages\/117"}],"wp:featuredmedia":[{"embeddable":true,"href":"https:\/\/www.po-r.de\/en\/wp-json\/wp\/v2\/media\/557"}],"wp:attachment":[{"href":"https:\/\/www.po-r.de\/en\/wp-json\/wp\/v2\/media?parent=556"}],"curies":[{"name":"wp","href":"https:\/\/api.w.org\/{rel}","templated":true}]}}