{"id":553,"date":"2024-02-17T08:08:28","date_gmt":"2024-02-17T08:08:28","guid":{"rendered":"https:\/\/www.po-r.de\/?page_id=553"},"modified":"2025-09-27T14:29:36","modified_gmt":"2025-09-27T14:29:36","slug":"arzt-jobs-stellenangebote","status":"publish","type":"page","link":"https:\/\/www.po-r.de\/en\/leistungen\/arzt-jobs-stellenangebote\/","title":{"rendered":"Arzt Jobs \u2013 Personalvermittlung &amp; Stellenangebote \u2013 Ruteeb GmbH"},"content":{"rendered":"<div class=\"wp-block-cover alignfull is-light has-custom-content-position is-position-bottom-center\"><span aria-hidden=\"true\" class=\"wp-block-cover__background has-background-dim-20 has-background-dim\"><\/span><img loading=\"lazy\" decoding=\"async\" width=\"2560\" height=\"1707\" class=\"wp-block-cover__image-background wp-image-554\" alt=\"Arzt Job - Stellenangebote und Personalvermttlung - Personalorbit Ruteeb GmbH\" src=\"https:\/\/www.po-r.de\/wp-content\/uploads\/2024\/02\/Arzt-Jobs-Personalvermittlung-scaled.jpg\" style=\"object-position:43% 21%\" data-object-fit=\"cover\" data-object-position=\"43% 21%\" srcset=\"https:\/\/www.po-r.de\/wp-content\/uploads\/2024\/02\/Arzt-Jobs-Personalvermittlung-scaled.jpg 2560w, https:\/\/www.po-r.de\/wp-content\/uploads\/2024\/02\/Arzt-Jobs-Personalvermittlung-300x200.jpg 300w, https:\/\/www.po-r.de\/wp-content\/uploads\/2024\/02\/Arzt-Jobs-Personalvermittlung-1024x683.jpg 1024w, https:\/\/www.po-r.de\/wp-content\/uploads\/2024\/02\/Arzt-Jobs-Personalvermittlung-768x512.jpg 768w, https:\/\/www.po-r.de\/wp-content\/uploads\/2024\/02\/Arzt-Jobs-Personalvermittlung-1536x1024.jpg 1536w, https:\/\/www.po-r.de\/wp-content\/uploads\/2024\/02\/Arzt-Jobs-Personalvermittlung-2048x1365.jpg 2048w\" sizes=\"(max-width: 2560px) 100vw, 2560px\" \/><div class=\"wp-block-cover__inner-container is-layout-flow wp-block-cover-is-layout-flow\">\n<h1 class=\"wp-block-heading alignfull has-text-align-right has-ast-global-color-0-color has-text-color has-link-color has-large-font-size wp-elements-673ed4ba34b0477fedd04f144987002f translation-block\">Jobs and job offers<\/h1>\n\n\n\n<h2 class=\"wp-block-heading has-text-align-right has-medium-font-size\">Your recruitment agency for doctors and medical professionals<\/h2>\n<\/div><\/div>\n\n\n\n<div style=\"height:50px\" aria-hidden=\"true\" class=\"wp-block-spacer\"><\/div>\n\n\n\n<p class=\"has-text-align-center translation-block\">Find your dream job! The healthcare industry is constantly seeking qualified and dedicated doctors. We offer top-notch <strong>jobs for doctors<\/strong> at renowned healthcare institutions and clinics. Learn how we can help you take your next career step.<\/p>\n\n\n\n<div data-aos= \"zoom-in\" data-aos-duration=\"400\" data-aos-delay=\"0\" data-aos-easing=\"ease\" data-aos-once=\"true\" class=\"wp-block-uagb-buttons uagb-buttons__outer-wrap uagb-btn__default-btn uagb-btn-tablet__default-btn uagb-btn-mobile__default-btn uagb-block-319ee599\"><div class=\"uagb-buttons__wrap uagb-buttons-layout-wrap\">\n<div class=\"wp-block-uagb-buttons-child uagb-buttons__outer-wrap uagb-block-98f5ccd6 wp-block-button\"><div class=\"uagb-button__wrapper\"><a class=\"uagb-buttons-repeater wp-block-button__link\" aria-label=\"\" href=\"https:\/\/www.po-r.de\/en\/kontakt\/\" rel=\"follow noopener\" target=\"_blank\" role=\"button\"><div class=\"uagb-button__link\">Discover jobs<\/div><\/a><\/div><\/div>\n<\/div><\/div>\n\n\n\n<div style=\"height:50px\" aria-hidden=\"true\" class=\"wp-block-spacer\"><\/div>\n\n\n\n<h2 class=\"wp-block-heading has-ast-global-color-0-color has-text-color has-link-color has-medium-font-size wp-elements-037f106651d03b79a8bcaad42263d2e8 translation-block\">Jobs and job offers- Diverse opportunities for your career.<\/h2>\n\n\n\n<p class=\"translation-block\">We offer a wide range of job opportunities. Whether you want to work as a general practitioner, specialist, or in a specialized field, here you will find diverse opportunities to find your dream job. We provide a network with leading healthcare institutions, clinics, and practices to offer you exclusive job opportunities for doctors. We understand that each physician has unique skills and career goals and enable you to find the ideal job for your needs.<\/p>\n\n\n\n<p class=\"translation-block\">Our <strong>job board<\/strong> includes open positions for doctors in various specialties, including:<\/p>\n\n\n\n<ul>\n<li>General Medicine<\/li>\n\n\n\n<li>Internal Medicine<\/li>\n\n\n\n<li>Surgery<\/li>\n\n\n\n<li>Gynecology<\/li>\n\n\n\n<li>Pediatrics<\/li>\n\n\n\n<li>Neurology<\/li>\n\n\n\n<li>Radiology<\/li>\n\n\n\n<li>and many more<\/li>\n<\/ul>\n\n\n\n<div style=\"height:45px\" aria-hidden=\"true\" class=\"wp-block-spacer\"><\/div>\n\n\n\n<h3 class=\"wp-block-heading has-ast-global-color-0-color has-text-color has-link-color has-medium-font-size wp-elements-d2968ab18102b214e934839c4fa04dbf\">Ihre Vorteile mit Ruteeb GmbH:<\/h3>\n\n\n\n<ul>\n<li class=\"translation-block\">We offer a wide selection of <strong>open positions for doctors,<\/strong> from entry-level positions to senior roles in various medical fields.<\/li>\n\n\n\n<li>We collaborate with renowned healthcare institutions to provide you with trusted and high-quality job offers.<\/li>\n\n\n\n<li>As a comprehensive partner, we support you in every phase of your job search \u2013 discreetly and efficiently.<\/li>\n<\/ul>\n\n\n\n<p>Contact us now to learn more about our services and how we can assist you in finding your dream job!<\/p>\n\n\n\n<div data-aos= \"zoom-in\" data-aos-duration=\"400\" data-aos-delay=\"0\" data-aos-easing=\"ease\" data-aos-once=\"true\" class=\"wp-block-uagb-buttons uagb-buttons__outer-wrap uagb-btn__default-btn uagb-btn-tablet__default-btn uagb-btn-mobile__default-btn uagb-block-2e7988fe\"><div class=\"uagb-buttons__wrap uagb-buttons-layout-wrap\">\n<div class=\"wp-block-uagb-buttons-child uagb-buttons__outer-wrap uagb-block-a829f22e wp-block-button\"><div class=\"uagb-button__wrapper\"><a class=\"uagb-buttons-repeater wp-block-button__link\" aria-label=\"\" href=\"https:\/\/www.po-r.de\/en\/kontakt\/\" rel=\"follow noopener\" target=\"_blank\" role=\"button\"><div class=\"uagb-button__link\">Contact us now. <\/div><\/a><\/div><\/div>\n<\/div><\/div>\n\n\n\n<div style=\"height:118px\" aria-hidden=\"true\" class=\"wp-block-spacer\"><\/div>","protected":false},"excerpt":{"rendered":"<p>Finden Sie Ihren Traumjob! Die Gesundheitsbranche ist st\u00e4ndig auf der Suche nach qualifizierten und engagierten \u00c4rzten. Wir bieten erstklassige Jobs f\u00fcr \u00c4rzte bei renommierten Gesundheitseinrichtungen und Kliniken. Erfahren Sie, wie wir Ihnen helfen k\u00f6nnen, Ihren n\u00e4chsten Karriereschritt zu machen. Arzt Jobs und Stellenangebot &#8211; Vielf\u00e4ltige M\u00f6glichkeiten f\u00fcr Ihre Karriere Wir bieten eine breite Palette von [&hellip;]<\/p>\n","protected":false},"author":1,"featured_media":554,"parent":117,"menu_order":0,"comment_status":"closed","ping_status":"closed","template":"","meta":{"_uag_custom_page_level_css":"","site-sidebar-layout":"default","site-content-layout":"","ast-site-content-layout":"default","site-content-style":"default","site-sidebar-style":"default","ast-global-header-display":"","ast-banner-title-visibility":"","ast-main-header-display":"","ast-hfb-above-header-display":"","ast-hfb-below-header-display":"","ast-hfb-mobile-header-display":"","site-post-title":"disabled","ast-breadcrumbs-content":"","ast-featured-img":"","footer-sml-layout":"","ast-disable-related-posts":"","theme-transparent-header-meta":"","adv-header-id-meta":"","stick-header-meta":"","header-above-stick-meta":"","header-main-stick-meta":"","header-below-stick-meta":"","astra-migrate-meta-layouts":"default","ast-page-background-enabled":"default","ast-page-background-meta":{"desktop":{"background-color":"var(--ast-global-color-4)","background-image":"","background-repeat":"repeat","background-position":"center center","background-size":"auto","background-attachment":"scroll","background-type":"","background-media":"","overlay-type":"","overlay-color":"","overlay-opacity":"","overlay-gradient":""},"tablet":{"background-color":"","background-image":"","background-repeat":"repeat","background-position":"center center","background-size":"auto","background-attachment":"scroll","background-type":"","background-media":"","overlay-type":"","overlay-color":"","overlay-opacity":"","overlay-gradient":""},"mobile":{"background-color":"","background-image":"","background-repeat":"repeat","background-position":"center center","background-size":"auto","background-attachment":"scroll","background-type":"","background-media":"","overlay-type":"","overlay-color":"","overlay-opacity":"","overlay-gradient":""}},"ast-content-background-meta":{"desktop":{"background-color":"var(--ast-global-color-5)","background-image":"","background-repeat":"repeat","background-position":"center center","background-size":"auto","background-attachment":"scroll","background-type":"","background-media":"","overlay-type":"","overlay-color":"","overlay-opacity":"","overlay-gradient":""},"tablet":{"background-color":"var(--ast-global-color-5)","background-image":"","background-repeat":"repeat","background-position":"center center","background-size":"auto","background-attachment":"scroll","background-type":"","background-media":"","overlay-type":"","overlay-color":"","overlay-opacity":"","overlay-gradient":""},"mobile":{"background-color":"var(--ast-global-color-5)","background-image":"","background-repeat":"repeat","background-position":"center center","background-size":"auto","background-attachment":"scroll","background-type":"","background-media":"","overlay-type":"","overlay-color":"","overlay-opacity":"","overlay-gradient":""}},"footnotes":""},"uagb_featured_image_src":{"full":["https:\/\/www.po-r.de\/wp-content\/uploads\/2024\/02\/Arzt-Jobs-Personalvermittlung-scaled.jpg",2560,1707,false],"thumbnail":["https:\/\/www.po-r.de\/wp-content\/uploads\/2024\/02\/Arzt-Jobs-Personalvermittlung-150x150.jpg",150,150,true],"medium":["https:\/\/www.po-r.de\/wp-content\/uploads\/2024\/02\/Arzt-Jobs-Personalvermittlung-300x200.jpg",300,200,true],"medium_large":["https:\/\/www.po-r.de\/wp-content\/uploads\/2024\/02\/Arzt-Jobs-Personalvermittlung-768x512.jpg",768,512,true],"large":["https:\/\/www.po-r.de\/wp-content\/uploads\/2024\/02\/Arzt-Jobs-Personalvermittlung-1024x683.jpg",1024,683,true],"1536x1536":["https:\/\/www.po-r.de\/wp-content\/uploads\/2024\/02\/Arzt-Jobs-Personalvermittlung-1536x1024.jpg",1536,1024,true],"2048x2048":["https:\/\/www.po-r.de\/wp-content\/uploads\/2024\/02\/Arzt-Jobs-Personalvermittlung-2048x1365.jpg",2048,1365,true],"trp-custom-language-flag":["https:\/\/www.po-r.de\/wp-content\/uploads\/2024\/02\/Arzt-Jobs-Personalvermittlung-scaled.jpg",18,12,false],"depicter-thumbnail":["https:\/\/www.po-r.de\/wp-content\/uploads\/2024\/02\/Arzt-Jobs-Personalvermittlung-scaled.jpg",200,133,false]},"uagb_author_info":{"display_name":"admin","author_link":"https:\/\/www.po-r.de\/en\/author\/admin\/"},"uagb_comment_info":0,"uagb_excerpt":"Finden Sie Ihren Traumjob! Die Gesundheitsbranche ist st\u00e4ndig auf der Suche nach qualifizierten und engagierten \u00c4rzten. Wir bieten erstklassige Jobs f\u00fcr \u00c4rzte bei renommierten Gesundheitseinrichtungen und Kliniken. Erfahren Sie, wie wir Ihnen helfen k\u00f6nnen, Ihren n\u00e4chsten Karriereschritt zu machen. Arzt Jobs und Stellenangebot &#8211; Vielf\u00e4ltige M\u00f6glichkeiten f\u00fcr Ihre Karriere Wir bieten eine breite Palette von&hellip;","_links":{"self":[{"href":"https:\/\/www.po-r.de\/en\/wp-json\/wp\/v2\/pages\/553"}],"collection":[{"href":"https:\/\/www.po-r.de\/en\/wp-json\/wp\/v2\/pages"}],"about":[{"href":"https:\/\/www.po-r.de\/en\/wp-json\/wp\/v2\/types\/page"}],"author":[{"embeddable":true,"href":"https:\/\/www.po-r.de\/en\/wp-json\/wp\/v2\/users\/1"}],"replies":[{"embeddable":true,"href":"https:\/\/www.po-r.de\/en\/wp-json\/wp\/v2\/comments?post=553"}],"version-history":[{"count":4,"href":"https:\/\/www.po-r.de\/en\/wp-json\/wp\/v2\/pages\/553\/revisions"}],"predecessor-version":[{"id":1258,"href":"https:\/\/www.po-r.de\/en\/wp-json\/wp\/v2\/pages\/553\/revisions\/1258"}],"up":[{"embeddable":true,"href":"https:\/\/www.po-r.de\/en\/wp-json\/wp\/v2\/pages\/117"}],"wp:featuredmedia":[{"embeddable":true,"href":"https:\/\/www.po-r.de\/en\/wp-json\/wp\/v2\/media\/554"}],"wp:attachment":[{"href":"https:\/\/www.po-r.de\/en\/wp-json\/wp\/v2\/media?parent=553"}],"curies":[{"name":"wp","href":"https:\/\/api.w.org\/{rel}","templated":true}]}}