{"id":511,"date":"2024-02-16T14:26:37","date_gmt":"2024-02-16T14:26:37","guid":{"rendered":"https:\/\/www.po-r.de\/?page_id=511"},"modified":"2025-09-27T14:31:37","modified_gmt":"2025-09-27T14:31:37","slug":"medizinische-personalvermittlung-stellenangebote-personalorbit-ruteeb","status":"publish","type":"page","link":"https:\/\/www.po-r.de\/en\/medizinische-personalvermittlung-stellenangebote-personalorbit-ruteeb\/","title":{"rendered":"Medizinische Personalvermittlung \u2013 Personalvermittlung &amp; Stellenangebote \u2013  Ruteeb GmbH"},"content":{"rendered":"<div class=\"wp-block-cover alignfull is-light has-custom-content-position is-position-bottom-center\"><span aria-hidden=\"true\" class=\"wp-block-cover__background has-background-dim-20 has-background-dim\"><\/span><img loading=\"lazy\" decoding=\"async\" width=\"2560\" height=\"1707\" class=\"wp-block-cover__image-background wp-image-551\" alt=\"Medizinische Personalvermittlung - Jobs - Personalorbit Ruteeb GmbH\" src=\"https:\/\/www.po-r.de\/wp-content\/uploads\/2024\/02\/Personalvermittlung-Medizin-Jobs-scaled.jpg\" style=\"object-position:36% 13%\" data-object-fit=\"cover\" data-object-position=\"36% 13%\" srcset=\"https:\/\/www.po-r.de\/wp-content\/uploads\/2024\/02\/Personalvermittlung-Medizin-Jobs-scaled.jpg 2560w, https:\/\/www.po-r.de\/wp-content\/uploads\/2024\/02\/Personalvermittlung-Medizin-Jobs-300x200.jpg 300w, https:\/\/www.po-r.de\/wp-content\/uploads\/2024\/02\/Personalvermittlung-Medizin-Jobs-1024x683.jpg 1024w, https:\/\/www.po-r.de\/wp-content\/uploads\/2024\/02\/Personalvermittlung-Medizin-Jobs-768x512.jpg 768w, https:\/\/www.po-r.de\/wp-content\/uploads\/2024\/02\/Personalvermittlung-Medizin-Jobs-1536x1024.jpg 1536w, https:\/\/www.po-r.de\/wp-content\/uploads\/2024\/02\/Personalvermittlung-Medizin-Jobs-2048x1366.jpg 2048w\" sizes=\"(max-width: 2560px) 100vw, 2560px\" \/><div class=\"wp-block-cover__inner-container is-layout-flow wp-block-cover-is-layout-flow\">\n<h1 class=\"wp-block-heading alignfull has-text-align-right has-ast-global-color-0-color has-text-color has-link-color has-large-font-size wp-elements-dd6524fe400a597a45a88906a79b1e42\">Medical staff recruitment<\/h1>\n\n\n\n<h2 class=\"wp-block-heading has-text-align-right has-medium-font-size\">Your agency for healthcare jobs<\/h2>\n<\/div><\/div>\n\n\n\n<div style=\"height:50px\" aria-hidden=\"true\" class=\"wp-block-spacer\"><\/div>\n\n\n\n<p class=\"has-text-align-center\">In the healthcare sector, recruiting highly qualified <strong>medical staff<\/strong> is crucial for success. Our recruitment <strong>agency<\/strong> specializes in bridging this gap and attracting top-notch <strong>physicians and nurses<\/strong> to your team or matching them with attractive <strong>healthcare jobs<\/strong> .<\/p>\n\n\n\n<div data-aos= \"zoom-in\" data-aos-duration=\"400\" data-aos-delay=\"0\" data-aos-easing=\"ease\" data-aos-once=\"true\" class=\"wp-block-uagb-buttons uagb-buttons__outer-wrap uagb-btn__default-btn uagb-btn-tablet__default-btn uagb-btn-mobile__default-btn uagb-block-319ee599\"><div class=\"uagb-buttons__wrap uagb-buttons-layout-wrap\">\n<div class=\"wp-block-uagb-buttons-child uagb-buttons__outer-wrap uagb-block-98f5ccd6 wp-block-button\"><div class=\"uagb-button__wrapper\"><a class=\"uagb-buttons-repeater wp-block-button__link\" aria-label=\"\" href=\"https:\/\/www.po-r.de\/en\/kontakt\/\" rel=\"follow noopener\" target=\"_blank\" role=\"button\"><div class=\"uagb-button__link\">Contact us now. <\/div><\/a><\/div><\/div>\n<\/div><\/div>\n\n\n\n<div style=\"height:50px\" aria-hidden=\"true\" class=\"wp-block-spacer\"><\/div>\n\n\n\n<h2 class=\"wp-block-heading has-ast-global-color-0-color has-text-color has-link-color has-medium-font-size wp-elements-a904fe897625e6fc1fa801561669c594\"><strong>Medical staff recruitment \u2013 Your solution for prestigious healthcare careers<\/strong><\/h2>\n\n\n\n<p class=\"translation-block\">Finding qualified medical professionals can be challenging. Our medical staff recruitment is focused on giving you access to the <strong>best talents in healthcare.<\/strong> We understand that the right medical personnel make all the difference and will find the perfect fit for your requirements.<\/p>\n\n\n\n<h2 class=\"wp-block-heading has-ast-global-color-0-color has-text-color has-link-color has-medium-font-size wp-elements-375e29f71295a6631e137c98d3fa806d\"><strong><strong>Healthcare jobs \u2013 Career opportunities for<\/strong><\/strong> doctors and nurses<\/h2>\n\n\n\n<p class=\"translation-block\">For doctors and nurses seeking new professional challenges, we offer <strong>top-notch healthcare jobs.<\/strong> Our network includes a variety of attractive positions in renowned medical institutions and clinics. Explore new perspectives with us and actively shape your career future in healthcare. We guide you through the application process, offer personal advice, and support you in finding <strong>career opportunities<\/strong> that match your ambitions and qualifications. Our goal is to connect experts with institutions that share your values and quality standards.<\/p>\n\n\n\n<h2 class=\"wp-block-heading has-ast-global-color-0-color has-text-color has-link-color has-medium-font-size wp-elements-1ea12935d2e593420e6a27d78d5a640f\"><strong><strong>Trust our experience in <\/strong><\/strong>medical staff recruitment<\/h2>\n\n\n\n<p class=\"translation-block\">With our experience, we have earned a reputation as a reliable partner in <strong>medical staff recruitment.<\/strong> Our successes are reflected in satisfied clients and the successful careers of the medical professionals we place. If you are looking for top-notch medical personnel or <strong>new career perspectives<\/strong> in healthcare, we are your first choice.<\/p>\n\n\n\n<h3 class=\"wp-block-heading has-ast-global-color-0-color has-text-color has-link-color has-medium-font-size wp-elements-d2968ab18102b214e934839c4fa04dbf\">Ihre Vorteile mit Ruteeb GmbH:<\/h3>\n\n\n\n<ul>\n<li>We find the position that suits you, your needs, and skills best.<\/li>\n\n\n\n<li class=\"translation-block\">In our extensive network, we can access highly <strong>qualified medical personnel<\/strong> and <strong>renowned healthcare institutions<\/strong> that are not found on traditional job portals.<\/li>\n\n\n\n<li>As a holistic partner, we support you in every phase of your recruitment \u2013 discreetly and efficiently<\/li>\n<\/ul>\n\n\n\n<p class=\"translation-block\">Contact us now to learn more about <strong>our services<\/strong> and our support for you!<\/p>\n\n\n\n<div style=\"height:45px\" aria-hidden=\"true\" class=\"wp-block-spacer\"><\/div>\n\n\n\n<div data-aos= \"zoom-in\" data-aos-duration=\"400\" data-aos-delay=\"0\" data-aos-easing=\"ease\" data-aos-once=\"true\" class=\"wp-block-uagb-buttons uagb-buttons__outer-wrap uagb-btn__default-btn uagb-btn-tablet__default-btn uagb-btn-mobile__default-btn uagb-block-2e7988fe\"><div class=\"uagb-buttons__wrap uagb-buttons-layout-wrap\">\n<div class=\"wp-block-uagb-buttons-child uagb-buttons__outer-wrap uagb-block-a829f22e wp-block-button\"><div class=\"uagb-button__wrapper\"><a class=\"uagb-buttons-repeater wp-block-button__link\" aria-label=\"\" href=\"https:\/\/www.po-r.de\/en\/kontakt\/\" rel=\"follow noopener\" target=\"_blank\" role=\"button\"><div class=\"uagb-button__link\">Contact us now. <\/div><\/a><\/div><\/div>\n<\/div><\/div>\n\n\n\n<div style=\"height:118px\" aria-hidden=\"true\" class=\"wp-block-spacer\"><\/div>","protected":false},"excerpt":{"rendered":"<p>Im Gesundheitswesen ist die Rekrutierung von hochqualifiziertem medizinischen Personal entscheidend f\u00fcr den Erfolg. Unsere Agentur f\u00fcr Personalvermittlung ist darauf spezialisiert, diese L\u00fccke zu schlie\u00dfen und erstklassige Mediziner und Pflegekr\u00e4fte f\u00fcr Ihr Team zu gewinnen bzw. attraktive Jobs im Gesundheitswesen zu vermitteln. Medizinische Personalvermittlung &#8211; Ihre L\u00f6sung f\u00fcr hochkar\u00e4tige Berufe im Gesundheitswesen Die Suche nach qualifizierten [&hellip;]<\/p>\n","protected":false},"author":1,"featured_media":551,"parent":0,"menu_order":0,"comment_status":"closed","ping_status":"closed","template":"","meta":{"_uag_custom_page_level_css":"","site-sidebar-layout":"default","site-content-layout":"","ast-site-content-layout":"default","site-content-style":"default","site-sidebar-style":"default","ast-global-header-display":"","ast-banner-title-visibility":"","ast-main-header-display":"","ast-hfb-above-header-display":"","ast-hfb-below-header-display":"","ast-hfb-mobile-header-display":"","site-post-title":"disabled","ast-breadcrumbs-content":"","ast-featured-img":"","footer-sml-layout":"","ast-disable-related-posts":"","theme-transparent-header-meta":"","adv-header-id-meta":"","stick-header-meta":"","header-above-stick-meta":"","header-main-stick-meta":"","header-below-stick-meta":"","astra-migrate-meta-layouts":"default","ast-page-background-enabled":"default","ast-page-background-meta":{"desktop":{"background-color":"var(--ast-global-color-4)","background-image":"","background-repeat":"repeat","background-position":"center center","background-size":"auto","background-attachment":"scroll","background-type":"","background-media":"","overlay-type":"","overlay-color":"","overlay-opacity":"","overlay-gradient":""},"tablet":{"background-color":"","background-image":"","background-repeat":"repeat","background-position":"center center","background-size":"auto","background-attachment":"scroll","background-type":"","background-media":"","overlay-type":"","overlay-color":"","overlay-opacity":"","overlay-gradient":""},"mobile":{"background-color":"","background-image":"","background-repeat":"repeat","background-position":"center center","background-size":"auto","background-attachment":"scroll","background-type":"","background-media":"","overlay-type":"","overlay-color":"","overlay-opacity":"","overlay-gradient":""}},"ast-content-background-meta":{"desktop":{"background-color":"var(--ast-global-color-5)","background-image":"","background-repeat":"repeat","background-position":"center center","background-size":"auto","background-attachment":"scroll","background-type":"","background-media":"","overlay-type":"","overlay-color":"","overlay-opacity":"","overlay-gradient":""},"tablet":{"background-color":"var(--ast-global-color-5)","background-image":"","background-repeat":"repeat","background-position":"center center","background-size":"auto","background-attachment":"scroll","background-type":"","background-media":"","overlay-type":"","overlay-color":"","overlay-opacity":"","overlay-gradient":""},"mobile":{"background-color":"var(--ast-global-color-5)","background-image":"","background-repeat":"repeat","background-position":"center center","background-size":"auto","background-attachment":"scroll","background-type":"","background-media":"","overlay-type":"","overlay-color":"","overlay-opacity":"","overlay-gradient":""}},"footnotes":""},"uagb_featured_image_src":{"full":["https:\/\/www.po-r.de\/wp-content\/uploads\/2024\/02\/Personalvermittlung-Medizin-Jobs-scaled.jpg",2560,1707,false],"thumbnail":["https:\/\/www.po-r.de\/wp-content\/uploads\/2024\/02\/Personalvermittlung-Medizin-Jobs-150x150.jpg",150,150,true],"medium":["https:\/\/www.po-r.de\/wp-content\/uploads\/2024\/02\/Personalvermittlung-Medizin-Jobs-300x200.jpg",300,200,true],"medium_large":["https:\/\/www.po-r.de\/wp-content\/uploads\/2024\/02\/Personalvermittlung-Medizin-Jobs-768x512.jpg",768,512,true],"large":["https:\/\/www.po-r.de\/wp-content\/uploads\/2024\/02\/Personalvermittlung-Medizin-Jobs-1024x683.jpg",1024,683,true],"1536x1536":["https:\/\/www.po-r.de\/wp-content\/uploads\/2024\/02\/Personalvermittlung-Medizin-Jobs-1536x1024.jpg",1536,1024,true],"2048x2048":["https:\/\/www.po-r.de\/wp-content\/uploads\/2024\/02\/Personalvermittlung-Medizin-Jobs-2048x1366.jpg",2048,1366,true],"trp-custom-language-flag":["https:\/\/www.po-r.de\/wp-content\/uploads\/2024\/02\/Personalvermittlung-Medizin-Jobs-scaled.jpg",18,12,false],"depicter-thumbnail":["https:\/\/www.po-r.de\/wp-content\/uploads\/2024\/02\/Personalvermittlung-Medizin-Jobs-scaled.jpg",200,133,false]},"uagb_author_info":{"display_name":"admin","author_link":"https:\/\/www.po-r.de\/en\/author\/admin\/"},"uagb_comment_info":0,"uagb_excerpt":"Im Gesundheitswesen ist die Rekrutierung von hochqualifiziertem medizinischen Personal entscheidend f\u00fcr den Erfolg. Unsere Agentur f\u00fcr Personalvermittlung ist darauf spezialisiert, diese L\u00fccke zu schlie\u00dfen und erstklassige Mediziner und Pflegekr\u00e4fte f\u00fcr Ihr Team zu gewinnen bzw. attraktive Jobs im Gesundheitswesen zu vermitteln. Medizinische Personalvermittlung &#8211; Ihre L\u00f6sung f\u00fcr hochkar\u00e4tige Berufe im Gesundheitswesen Die Suche nach qualifizierten&hellip;","_links":{"self":[{"href":"https:\/\/www.po-r.de\/en\/wp-json\/wp\/v2\/pages\/511"}],"collection":[{"href":"https:\/\/www.po-r.de\/en\/wp-json\/wp\/v2\/pages"}],"about":[{"href":"https:\/\/www.po-r.de\/en\/wp-json\/wp\/v2\/types\/page"}],"author":[{"embeddable":true,"href":"https:\/\/www.po-r.de\/en\/wp-json\/wp\/v2\/users\/1"}],"replies":[{"embeddable":true,"href":"https:\/\/www.po-r.de\/en\/wp-json\/wp\/v2\/comments?post=511"}],"version-history":[{"count":5,"href":"https:\/\/www.po-r.de\/en\/wp-json\/wp\/v2\/pages\/511\/revisions"}],"predecessor-version":[{"id":1263,"href":"https:\/\/www.po-r.de\/en\/wp-json\/wp\/v2\/pages\/511\/revisions\/1263"}],"wp:featuredmedia":[{"embeddable":true,"href":"https:\/\/www.po-r.de\/en\/wp-json\/wp\/v2\/media\/551"}],"wp:attachment":[{"href":"https:\/\/www.po-r.de\/en\/wp-json\/wp\/v2\/media?parent=511"}],"curies":[{"name":"wp","href":"https:\/\/api.w.org\/{rel}","templated":true}]}}