{"id":394,"date":"2024-02-12T18:03:20","date_gmt":"2024-02-12T18:03:20","guid":{"rendered":"https:\/\/www.po-r.de\/?page_id=394"},"modified":"2025-09-27T14:37:14","modified_gmt":"2025-09-27T14:37:14","slug":"radiologie-agentur","status":"publish","type":"page","link":"https:\/\/www.po-r.de\/en\/radiologie-agentur\/","title":{"rendered":"Radiology Agency"},"content":{"rendered":"<figure class=\"wp-block-image size-full\"><img loading=\"lazy\" decoding=\"async\" width=\"336\" height=\"103\" src=\"https:\/\/www.po-r.de\/wp-content\/uploads\/2025\/09\/image-7.png\" alt=\"\" class=\"wp-image-1268\" srcset=\"https:\/\/www.po-r.de\/wp-content\/uploads\/2025\/09\/image-7.png 336w, https:\/\/www.po-r.de\/wp-content\/uploads\/2025\/09\/image-7-300x92.png 300w, https:\/\/www.po-r.de\/wp-content\/uploads\/2025\/09\/image-7-18x6.png 18w, https:\/\/www.po-r.de\/wp-content\/uploads\/2025\/09\/image-7-200x61.png 200w\" sizes=\"(max-width: 336px) 100vw, 336px\" \/><\/figure>\n\n\n\n<p class=\"has-text-align-center has-ast-global-color-0-color has-text-color has-large-font-size\"><strong>Radiology Agency<\/strong><\/p>\n\n\n\n<p class=\"has-text-align-center has-ast-global-color-8-color has-text-color has-large-font-size\"><strong>Your radiology staffing provider<\/strong><\/p>\n\n\n\n<figure class=\"wp-block-video\"><video controls muted poster=\"https:\/\/www.po-r.de\/wp-content\/uploads\/2024\/03\/default_1.2.1.jpg\" src=\"https:\/\/www.po-r.de\/wp-content\/uploads\/2024\/04\/Video_3.mp4\"><\/video><\/figure>\n\n\n\n<figure class=\"wp-block-image aligncenter size-full\"><img loading=\"lazy\" decoding=\"async\" width=\"1024\" height=\"684\" src=\"https:\/\/www.po-r.de\/wp-content\/uploads\/2024\/02\/Unbenannt-1.jpg\" alt=\"\" class=\"wp-image-540\" srcset=\"https:\/\/www.po-r.de\/wp-content\/uploads\/2024\/02\/Unbenannt-1.jpg 1024w, https:\/\/www.po-r.de\/wp-content\/uploads\/2024\/02\/Unbenannt-1-300x200.jpg 300w, https:\/\/www.po-r.de\/wp-content\/uploads\/2024\/02\/Unbenannt-1-768x513.jpg 768w\" sizes=\"(max-width: 1024px) 100vw, 1024px\" \/><\/figure>\n\n\n\n<div class=\"wp-block-columns is-layout-flex wp-container-core-columns-is-layout-1 wp-block-columns-is-layout-flex\">\n<div class=\"wp-block-column is-layout-flow wp-block-column-is-layout-flow\" style=\"border-width:2px\">\n<figure class=\"wp-block-table aligncenter has-medium-font-size\"><table class=\"has-ast-global-color-8-color has-text-color\"><tbody><tr><td class=\"has-text-align-center\" data-align=\"center\"><strong>Specialist Doctor:<br>Launch your career with flexible radiology jobs<\/strong><\/td><\/tr><\/tbody><\/table><\/figure>\n\n\n\n<p class=\"has-text-align-center has-ast-global-color-0-color has-text-color has-large-font-size\"><strong><a href=\"https:\/\/www.po-r.de\/en\/kontakt\/\" data-type=\"link\" data-id=\"https:\/\/www.po-r.de\/kontakt\/\">Find radiology jobs<\/a><\/strong><\/p>\n<\/div>\n\n\n\n<div class=\"wp-block-column is-layout-flow wp-block-column-is-layout-flow\" style=\"border-width:2px\">\n<figure class=\"wp-block-table has-medium-font-size\"><table class=\"has-ast-global-color-8-color has-text-color\"><tbody><tr><td class=\"has-text-align-center\" data-align=\"center\"><strong>Institutions:<br>Find radiology substitute staff<\/strong><\/td><\/tr><\/tbody><\/table><\/figure>\n\n\n\n<p class=\"has-text-align-center has-ast-global-color-0-color has-text-color has-large-font-size\"><strong><a href=\"https:\/\/www.po-r.de\/en\/kontakt\/\" data-type=\"link\" data-id=\"https:\/\/www.po-r.de\/kontakt\/\">Find radiology staff<\/a><\/strong><\/p>\n<\/div>\n<\/div>\n\n\n\n<p class=\"has-text-align-center has-ast-global-color-0-color has-text-color has-large-font-size\"><strong>Placement of radiology staff in temporary work<\/strong><\/p>\n\n\n\n<p class=\"has-ast-global-color-8-color has-text-color has-medium-font-size\">We employ specialist radiologists who serve as flexible substitute staff, supporting and relieving core staff in healthcare institutions.<\/p>\n\n\n\n<p class=\"has-text-align-center has-ast-global-color-0-color has-text-color has-large-font-size\"><strong>Looking for a staffing agency familiar with radiology?<\/strong><\/p>\n\n\n\n<div class=\"wp-block-uagb-icon-list uagb-block-f4226140\"><div class=\"uagb-icon-list__wrap\">\n<div class=\"wp-block-uagb-icon-list-child uagb-block-e0332ad2\"><span class=\"uagb-icon-list__source-wrap\"><svg xmlns=\"https:\/\/www.w3.org\/2000\/svg\" viewbox=\"0 0 512 512\"><path d=\"M256 0C114.6 0 0 114.6 0 256c0 141.4 114.6 256 256 256s256-114.6 256-256C512 114.6 397.4 0 256 0zM406.6 278.6l-103.1 103.1c-12.5 12.5-32.75 12.5-45.25 0s-12.5-32.75 0-45.25L306.8 288H128C110.3 288 96 273.7 96 256s14.31-32 32-32h178.8l-49.38-49.38c-12.5-12.5-12.5-32.75 0-45.25s32.75-12.5 45.25 0l103.1 103.1C414.6 241.3 416 251.1 416 256C416 260.9 414.6 270.7 406.6 278.6z\"><\/path><\/svg><\/span><span class=\"uagb-icon-list__label\">Understanding of the specific requirements of clinics in the field of radiology<\/span><\/div>\n\n\n\n<div class=\"wp-block-uagb-icon-list-child uagb-block-926d4f53\"><span class=\"uagb-icon-list__source-wrap\"><svg xmlns=\"https:\/\/www.w3.org\/2000\/svg\" viewbox=\"0 0 512 512\"><path d=\"M256 0C114.6 0 0 114.6 0 256c0 141.4 114.6 256 256 256s256-114.6 256-256C512 114.6 397.4 0 256 0zM406.6 278.6l-103.1 103.1c-12.5 12.5-32.75 12.5-45.25 0s-12.5-32.75 0-45.25L306.8 288H128C110.3 288 96 273.7 96 256s14.31-32 32-32h178.8l-49.38-49.38c-12.5-12.5-12.5-32.75 0-45.25s32.75-12.5 45.25 0l103.1 103.1C414.6 241.3 416 251.1 416 256C416 260.9 414.6 270.7 406.6 278.6z\"><\/path><\/svg><\/span><span class=\"uagb-icon-list__label\">Collegial interaction between radiologists in temporary work and those in permanent positions<\/span><\/div>\n\n\n\n<div class=\"wp-block-uagb-icon-list-child uagb-block-44e62da6\"><span class=\"uagb-icon-list__source-wrap\"><svg xmlns=\"https:\/\/www.w3.org\/2000\/svg\" viewbox=\"0 0 512 512\"><path d=\"M256 0C114.6 0 0 114.6 0 256c0 141.4 114.6 256 256 256s256-114.6 256-256C512 114.6 397.4 0 256 0zM406.6 278.6l-103.1 103.1c-12.5 12.5-32.75 12.5-45.25 0s-12.5-32.75 0-45.25L306.8 288H128C110.3 288 96 273.7 96 256s14.31-32 32-32h178.8l-49.38-49.38c-12.5-12.5-12.5-32.75 0-45.25s32.75-12.5 45.25 0l103.1 103.1C414.6 241.3 416 251.1 416 256C416 260.9 414.6 270.7 406.6 278.6z\"><\/path><\/svg><\/span><span class=\"uagb-icon-list__label\">Technical understanding of work processes and techniques<\/span><\/div>\n\n\n\n<div class=\"wp-block-uagb-icon-list-child uagb-block-e416c6ef\"><span class=\"uagb-icon-list__source-wrap\"><svg xmlns=\"https:\/\/www.w3.org\/2000\/svg\" viewbox=\"0 0 512 512\"><path d=\"M256 0C114.6 0 0 114.6 0 256c0 141.4 114.6 256 256 256s256-114.6 256-256C512 114.6 397.4 0 256 0zM406.6 278.6l-103.1 103.1c-12.5 12.5-32.75 12.5-45.25 0s-12.5-32.75 0-45.25L306.8 288H128C110.3 288 96 273.7 96 256s14.31-32 32-32h178.8l-49.38-49.38c-12.5-12.5-12.5-32.75 0-45.25s32.75-12.5 45.25 0l103.1 103.1C414.6 241.3 416 251.1 416 256C416 260.9 414.6 270.7 406.6 278.6z\"><\/path><\/svg><\/span><span class=\"uagb-icon-list__label\">Communication on equal terms with a consistent point of contact<\/span><\/div>\n\n\n\n<div class=\"wp-block-uagb-icon-list-child uagb-block-cf10b532\"><span class=\"uagb-icon-list__source-wrap\"><svg xmlns=\"https:\/\/www.w3.org\/2000\/svg\" viewbox=\"0 0 512 512\"><path d=\"M256 0C114.6 0 0 114.6 0 256c0 141.4 114.6 256 256 256s256-114.6 256-256C512 114.6 397.4 0 256 0zM406.6 278.6l-103.1 103.1c-12.5 12.5-32.75 12.5-45.25 0s-12.5-32.75 0-45.25L306.8 288H128C110.3 288 96 273.7 96 256s14.31-32 32-32h178.8l-49.38-49.38c-12.5-12.5-12.5-32.75 0-45.25s32.75-12.5 45.25 0l103.1 103.1C414.6 241.3 416 251.1 416 256C416 260.9 414.6 270.7 406.6 278.6z\"><\/path><\/svg><\/span><span class=\"uagb-icon-list__label\">Empathy for working conditions in medical institutions<\/span><\/div>\n\n\n\n<div class=\"wp-block-uagb-icon-list-child uagb-block-9b11b09d\"><span class=\"uagb-icon-list__source-wrap\"><svg xmlns=\"https:\/\/www.w3.org\/2000\/svg\" viewbox=\"0 0 512 512\"><path d=\"M256 0C114.6 0 0 114.6 0 256c0 141.4 114.6 256 256 256s256-114.6 256-256C512 114.6 397.4 0 256 0zM406.6 278.6l-103.1 103.1c-12.5 12.5-32.75 12.5-45.25 0s-12.5-32.75 0-45.25L306.8 288H128C110.3 288 96 273.7 96 256s14.31-32 32-32h178.8l-49.38-49.38c-12.5-12.5-12.5-32.75 0-45.25s32.75-12.5 45.25 0l103.1 103.1C414.6 241.3 416 251.1 416 256C416 260.9 414.6 270.7 406.6 278.6z\"><\/path><\/svg><\/span><span class=\"uagb-icon-list__label\">Respectful and personal communication<\/span><\/div>\n\n\n\n<div class=\"wp-block-uagb-icon-list-child uagb-block-503c2e08\"><span class=\"uagb-icon-list__source-wrap\"><svg xmlns=\"https:\/\/www.w3.org\/2000\/svg\" viewbox=\"0 0 512 512\"><path d=\"M256 0C114.6 0 0 114.6 0 256c0 141.4 114.6 256 256 256s256-114.6 256-256C512 114.6 397.4 0 256 0zM406.6 278.6l-103.1 103.1c-12.5 12.5-32.75 12.5-45.25 0s-12.5-32.75 0-45.25L306.8 288H128C110.3 288 96 273.7 96 256s14.31-32 32-32h178.8l-49.38-49.38c-12.5-12.5-12.5-32.75 0-45.25s32.75-12.5 45.25 0l103.1 103.1C414.6 241.3 416 251.1 416 256C416 260.9 414.6 270.7 406.6 278.6z\"><\/path><\/svg><\/span><span class=\"uagb-icon-list__label\">Fair compensation and flexible working hour models<\/span><\/div>\n<\/div><\/div>\n\n\n\n<p class=\"has-text-align-center has-ast-global-color-0-color has-text-color has-large-font-size translation-block\"><strong>Enhanced job flexibility for radiologists<\/strong><\/p>\n\n\n\n<p class=\"has-ast-global-color-8-color has-text-color has-medium-font-size\">We offer radiologists interesting alternatives to permanent employment in a clinic and medical freelance work.<\/p>\n\n\n\n<p class=\"has-ast-global-color-8-color has-text-color has-medium-font-size\">Individual working hour models, increased appreciation, and variety in temporary employment:<\/p>\n\n\n\n<p class=\"has-text-align-left has-ast-global-color-0-color has-text-color has-large-font-size\"><strong><a href=\"https:\/\/www.po-r.de\/en\/kontakt\/\" data-type=\"link\" data-id=\"https:\/\/hireadoctor.de\/anaesthesie\/mehr-flexibilitaet-im-job-als-anaesthesistin\/\">Find radiology jobs<\/a><\/strong><\/p>\n\n\n\n<p class=\"has-text-align-center has-ast-global-color-0-color has-text-color has-large-font-size\"><strong>Resolve staffing shortages in radiology<\/strong><\/p>\n\n\n\n<p class=\"has-ast-global-color-8-color has-text-color has-medium-font-size\">We aim to ensure that the radiology team is always complete. Therefore, we also promptly provide specialist radiologists for understaffed shifts.<\/p>\n\n\n\n<p class=\"has-text-align-left has-ast-global-color-0-color has-text-color has-large-font-size\"><strong><a href=\"https:\/\/www.po-r.de\/en\/kontakt\/\" data-type=\"link\" data-id=\"https:\/\/www.po-r.de\/kontakt\/\">Find radiology staff<\/a><\/strong><\/p>\n\n\n\n<p class=\"has-text-align-center has-ast-global-color-0-color has-text-color has-large-font-size\"><strong>This is how staff recruitment in employee leasing works.<\/strong><\/p>\n\n\n\n<div class=\"wp-block-uagb-icon-list uagb-block-edbb0e44\"><div class=\"uagb-icon-list__wrap\">\n<div class=\"wp-block-uagb-icon-list-child uagb-block-f484f644\"><span class=\"uagb-icon-list__source-wrap\"><svg xmlns=\"https:\/\/www.w3.org\/2000\/svg\" viewbox=\"0 0 512 512\"><path d=\"M256 0C114.6 0 0 114.6 0 256c0 141.4 114.6 256 256 256s256-114.6 256-256C512 114.6 397.4 0 256 0zM406.6 278.6l-103.1 103.1c-12.5 12.5-32.75 12.5-45.25 0s-12.5-32.75 0-45.25L306.8 288H128C110.3 288 96 273.7 96 256s14.31-32 32-32h178.8l-49.38-49.38c-12.5-12.5-12.5-32.75 0-45.25s32.75-12.5 45.25 0l103.1 103.1C414.6 241.3 416 251.1 416 256C416 260.9 414.6 270.7 406.6 278.6z\"><\/path><\/svg><\/span><span class=\"uagb-icon-list__label\">The clinic or practice informs us of their staffing needs.<\/span><\/div>\n\n\n\n<div class=\"wp-block-uagb-icon-list-child uagb-block-5ebcdb04\"><span class=\"uagb-icon-list__source-wrap\"><svg xmlns=\"https:\/\/www.w3.org\/2000\/svg\" viewbox=\"0 0 512 512\"><path d=\"M256 0C114.6 0 0 114.6 0 256c0 141.4 114.6 256 256 256s256-114.6 256-256C512 114.6 397.4 0 256 0zM406.6 278.6l-103.1 103.1c-12.5 12.5-32.75 12.5-45.25 0s-12.5-32.75 0-45.25L306.8 288H128C110.3 288 96 273.7 96 256s14.31-32 32-32h178.8l-49.38-49.38c-12.5-12.5-12.5-32.75 0-45.25s32.75-12.5 45.25 0l103.1 103.1C414.6 241.3 416 251.1 416 256C416 260.9 414.6 270.7 406.6 278.6z\"><\/path><\/svg><\/span><span class=\"uagb-icon-list__label\">We propose one or more suitable candidates to the institution for the specified period.<\/span><\/div>\n\n\n\n<div class=\"wp-block-uagb-icon-list-child uagb-block-ab77f8ef\"><span class=\"uagb-icon-list__source-wrap\"><svg xmlns=\"https:\/\/www.w3.org\/2000\/svg\" viewbox=\"0 0 512 512\"><path d=\"M256 0C114.6 0 0 114.6 0 256c0 141.4 114.6 256 256 256s256-114.6 256-256C512 114.6 397.4 0 256 0zM406.6 278.6l-103.1 103.1c-12.5 12.5-32.75 12.5-45.25 0s-12.5-32.75 0-45.25L306.8 288H128C110.3 288 96 273.7 96 256s14.31-32 32-32h178.8l-49.38-49.38c-12.5-12.5-12.5-32.75 0-45.25s32.75-12.5 45.25 0l103.1 103.1C414.6 241.3 416 251.1 416 256C416 260.9 414.6 270.7 406.6 278.6z\"><\/path><\/svg><\/span><span class=\"uagb-icon-list__label\">The institution selects a substitute doctor.<\/span><\/div>\n\n\n\n<div class=\"wp-block-uagb-icon-list-child uagb-block-967cdc60\"><span class=\"uagb-icon-list__source-wrap\"><svg xmlns=\"https:\/\/www.w3.org\/2000\/svg\" viewbox=\"0 0 512 512\"><path d=\"M256 0C114.6 0 0 114.6 0 256c0 141.4 114.6 256 256 256s256-114.6 256-256C512 114.6 397.4 0 256 0zM406.6 278.6l-103.1 103.1c-12.5 12.5-32.75 12.5-45.25 0s-12.5-32.75 0-45.25L306.8 288H128C110.3 288 96 273.7 96 256s14.31-32 32-32h178.8l-49.38-49.38c-12.5-12.5-12.5-32.75 0-45.25s32.75-12.5 45.25 0l103.1 103.1C414.6 241.3 416 251.1 416 256C416 260.9 414.6 270.7 406.6 278.6z\"><\/path><\/svg><\/span><span class=\"uagb-icon-list__label\">We take care of the rest<\/span><\/div>\n<\/div><\/div>","protected":false},"excerpt":{"rendered":"<p>Radiologie Agentur Ihr Radiologie-Personaldienstleister Fach\u00e4rzt*Innen:Mit flexiblen Radiologiejobs durchstarten Radiologiejobs finden Einrichtungen:Radiologie-Vertretungskr\u00e4fte finden Radiologiepersonal finden Vermittlung von Radiologie\u00adpersonal in Zeitarbeit Wir besch\u00e4ftigen Fach\u00e4rztinnen und -\u00e4rzte f\u00fcr Radiologie, die als flexible Vertretungskr\u00e4fte eingesetzt werden und damit das Stammpersonal in Gesundheitseinrichtungen unterst\u00fctzen und entlasten. Sie suchen eine Zeitarbeitsagentur, die sich in der Radiologie auskennt? Als Radiologe: in zu [&hellip;]<\/p>\n","protected":false},"author":1,"featured_media":0,"parent":0,"menu_order":0,"comment_status":"closed","ping_status":"closed","template":"","meta":{"_uag_custom_page_level_css":"","site-sidebar-layout":"default","site-content-layout":"","ast-site-content-layout":"default","site-content-style":"default","site-sidebar-style":"default","ast-global-header-display":"","ast-banner-title-visibility":"","ast-main-header-display":"","ast-hfb-above-header-display":"","ast-hfb-below-header-display":"","ast-hfb-mobile-header-display":"","site-post-title":"","ast-breadcrumbs-content":"","ast-featured-img":"","footer-sml-layout":"","ast-disable-related-posts":"","theme-transparent-header-meta":"","adv-header-id-meta":"","stick-header-meta":"","header-above-stick-meta":"","header-main-stick-meta":"","header-below-stick-meta":"","astra-migrate-meta-layouts":"default","ast-page-background-enabled":"default","ast-page-background-meta":{"desktop":{"background-color":"var(--ast-global-color-4)","background-image":"","background-repeat":"repeat","background-position":"center center","background-size":"auto","background-attachment":"scroll","background-type":"","background-media":"","overlay-type":"","overlay-color":"","overlay-opacity":"","overlay-gradient":""},"tablet":{"background-color":"","background-image":"","background-repeat":"repeat","background-position":"center center","background-size":"auto","background-attachment":"scroll","background-type":"","background-media":"","overlay-type":"","overlay-color":"","overlay-opacity":"","overlay-gradient":""},"mobile":{"background-color":"","background-image":"","background-repeat":"repeat","background-position":"center center","background-size":"auto","background-attachment":"scroll","background-type":"","background-media":"","overlay-type":"","overlay-color":"","overlay-opacity":"","overlay-gradient":""}},"ast-content-background-meta":{"desktop":{"background-color":"var(--ast-global-color-5)","background-image":"","background-repeat":"repeat","background-position":"center center","background-size":"auto","background-attachment":"scroll","background-type":"","background-media":"","overlay-type":"","overlay-color":"","overlay-opacity":"","overlay-gradient":""},"tablet":{"background-color":"var(--ast-global-color-5)","background-image":"","background-repeat":"repeat","background-position":"center center","background-size":"auto","background-attachment":"scroll","background-type":"","background-media":"","overlay-type":"","overlay-color":"","overlay-opacity":"","overlay-gradient":""},"mobile":{"background-color":"var(--ast-global-color-5)","background-image":"","background-repeat":"repeat","background-position":"center center","background-size":"auto","background-attachment":"scroll","background-type":"","background-media":"","overlay-type":"","overlay-color":"","overlay-opacity":"","overlay-gradient":""}},"footnotes":""},"uagb_featured_image_src":{"full":false,"thumbnail":false,"medium":false,"medium_large":false,"large":false,"1536x1536":false,"2048x2048":false,"trp-custom-language-flag":false,"depicter-thumbnail":false},"uagb_author_info":{"display_name":"admin","author_link":"https:\/\/www.po-r.de\/en\/author\/admin\/"},"uagb_comment_info":0,"uagb_excerpt":"Radiologie Agentur Ihr Radiologie-Personaldienstleister Fach\u00e4rzt*Innen:Mit flexiblen Radiologiejobs durchstarten Radiologiejobs finden Einrichtungen:Radiologie-Vertretungskr\u00e4fte finden Radiologiepersonal finden Vermittlung von Radiologie\u00adpersonal in Zeitarbeit Wir besch\u00e4ftigen Fach\u00e4rztinnen und -\u00e4rzte f\u00fcr Radiologie, die als flexible Vertretungskr\u00e4fte eingesetzt werden und damit das Stammpersonal in Gesundheitseinrichtungen unterst\u00fctzen und entlasten. Sie suchen eine Zeitarbeitsagentur, die sich in der Radiologie auskennt? Als Radiologe: in zu&hellip;","_links":{"self":[{"href":"https:\/\/www.po-r.de\/en\/wp-json\/wp\/v2\/pages\/394"}],"collection":[{"href":"https:\/\/www.po-r.de\/en\/wp-json\/wp\/v2\/pages"}],"about":[{"href":"https:\/\/www.po-r.de\/en\/wp-json\/wp\/v2\/types\/page"}],"author":[{"embeddable":true,"href":"https:\/\/www.po-r.de\/en\/wp-json\/wp\/v2\/users\/1"}],"replies":[{"embeddable":true,"href":"https:\/\/www.po-r.de\/en\/wp-json\/wp\/v2\/comments?post=394"}],"version-history":[{"count":14,"href":"https:\/\/www.po-r.de\/en\/wp-json\/wp\/v2\/pages\/394\/revisions"}],"predecessor-version":[{"id":1269,"href":"https:\/\/www.po-r.de\/en\/wp-json\/wp\/v2\/pages\/394\/revisions\/1269"}],"wp:attachment":[{"href":"https:\/\/www.po-r.de\/en\/wp-json\/wp\/v2\/media?parent=394"}],"curies":[{"name":"wp","href":"https:\/\/api.w.org\/{rel}","templated":true}]}}