{"id":359,"date":"2024-02-12T16:39:43","date_gmt":"2024-02-12T16:39:43","guid":{"rendered":"https:\/\/www.po-r.de\/?page_id=359"},"modified":"2025-09-27T14:23:24","modified_gmt":"2025-09-27T14:23:24","slug":"honorararzt-personalvermittlung-stellenangebote-personalorbit-ruteeb","status":"publish","type":"page","link":"https:\/\/www.po-r.de\/en\/honorararzt-personalvermittlung-stellenangebote-personalorbit-ruteeb\/","title":{"rendered":"Honorararzt \u2013 Personalvermittlung &amp; Stellenangebote \u2013 Ruteeb GmbH"},"content":{"rendered":"<div class=\"wp-block-cover alignfull is-light has-custom-content-position is-position-bottom-center\"><span aria-hidden=\"true\" class=\"wp-block-cover__background has-background-dim-20 has-background-dim\"><\/span><img loading=\"lazy\" decoding=\"async\" width=\"1024\" height=\"682\" class=\"wp-block-cover__image-background wp-image-42\" alt=\"Honorararzt - Personalvermittlung &amp; Stellenangebote - Personalorbit Ruteeb\" src=\"https:\/\/www.po-r.de\/wp-content\/uploads\/2023\/08\/portrait-of-a-confident-female-doctor-1024x682.jpg\" style=\"object-position:52% 22%\" data-object-fit=\"cover\" data-object-position=\"52% 22%\" srcset=\"https:\/\/www.po-r.de\/wp-content\/uploads\/2023\/08\/portrait-of-a-confident-female-doctor-1024x682.jpg 1024w, https:\/\/www.po-r.de\/wp-content\/uploads\/2023\/08\/portrait-of-a-confident-female-doctor-300x200.jpg 300w, https:\/\/www.po-r.de\/wp-content\/uploads\/2023\/08\/portrait-of-a-confident-female-doctor-768x512.jpg 768w, https:\/\/www.po-r.de\/wp-content\/uploads\/2023\/08\/portrait-of-a-confident-female-doctor-1536x1024.jpg 1536w, https:\/\/www.po-r.de\/wp-content\/uploads\/2023\/08\/portrait-of-a-confident-female-doctor.jpg 2000w\" sizes=\"(max-width: 1024px) 100vw, 1024px\" \/><div class=\"wp-block-cover__inner-container is-layout-flow wp-block-cover-is-layout-flow\">\n<h1 class=\"wp-block-heading alignfull has-text-align-left has-ast-global-color-0-color has-text-color has-link-color has-large-font-size wp-elements-a2dc2d19d976a653f0d2105361aea4aa\">Fee-based Doctor in Germany<\/h1>\n\n\n\n<h2 class=\"wp-block-heading has-medium-font-size\">The recruitment agency for fee-based assignments <\/h2>\n<\/div><\/div>\n\n\n\n<div style=\"height:50px\" aria-hidden=\"true\" class=\"wp-block-spacer\"><\/div>\n\n\n\n<p class=\"has-text-align-center translation-block\">Whether in <strong>radiology, specialized medical fields, chief physician positions, assistant doctors, or other nursing specialties:<\/strong> we connect you as <strong>a fee-based doctor<\/strong> to lucrative assignments throughout <strong>Germany.<\/strong><\/p>\n\n\n\n<div data-aos= \"zoom-in\" data-aos-duration=\"400\" data-aos-delay=\"0\" data-aos-easing=\"ease\" data-aos-once=\"true\" class=\"wp-block-uagb-buttons uagb-buttons__outer-wrap uagb-btn__default-btn uagb-btn-tablet__default-btn uagb-btn-mobile__default-btn uagb-block-319ee599\"><div class=\"uagb-buttons__wrap uagb-buttons-layout-wrap\">\n<div class=\"wp-block-uagb-buttons-child uagb-buttons__outer-wrap uagb-block-98f5ccd6 wp-block-button\"><div class=\"uagb-button__wrapper\"><a class=\"uagb-buttons-repeater wp-block-button__link\" aria-label=\"\" href=\"https:\/\/www.po-r.de\/en\/kontakt\/\" rel=\"follow noopener\" target=\"_blank\" role=\"button\"><div class=\"uagb-button__link\">Contact us now. <\/div><\/a><\/div><\/div>\n<\/div><\/div>\n\n\n\n<div style=\"height:50px\" aria-hidden=\"true\" class=\"wp-block-spacer\"><\/div>\n\n\n\n<h2 class=\"wp-block-heading has-ast-global-color-0-color has-text-color has-link-color has-medium-font-size wp-elements-777fdf68438ee076523af28ca32adc55\"><strong>What exactly is a fee-based doctor?<\/strong><\/h2>\n\n\n\n<p>Selbstst\u00e4ndige \u00c4rzte, die f\u00fcr unterschiedliche Auftraggeber zu einem festgelegten <strong>Stundenlohn<\/strong> t\u00e4tig sind, werden als Honorar\u00e4rzte oder auch als Leih\u00e4rzte bezeichnet. <\/p>\n\n\n\n<h2 class=\"wp-block-heading has-ast-global-color-0-color has-text-color has-link-color has-medium-font-size wp-elements-e888eed18e1a82015567574383c1dd0f\"><strong>What are the advantages of being a fee-based doctor? <\/strong><\/h2>\n\n\n\n<p class=\"translation-block\">Many doctors prefer working as fee-based doctors because they have <strong>fewer bureaucratic tasks<\/strong> to handle, and the varied clients bring more diversity to their workday. Working on a fee basis can lead to significantly <strong>higher job satisfaction<\/strong> due to increased autonomy, appreciation, and the ability to spend more time with patients. Additionally, fee-based doctors often expect a <strong>much higher<\/strong> compensation compared to traditional employment. However, it's important to note that working as a fee-based doctor is distinct from temporary employment.<\/p>\n\n\n\n<h2 class=\"wp-block-heading has-ast-global-color-0-color has-text-color has-link-color has-medium-font-size wp-elements-cbbeef563fe5a5f961eff62fbf600eeb\"><strong>Salary: How much does a fee-based doctor earn?<\/strong><\/h2>\n\n\n\n<p class=\"translation-block\">The <strong>salary<\/strong> in Germany depends on the medical specialty, experience, and duration of assignment. However, it's generally expected that a locum doctor will receive a significantly higher compensation compared to a salaried doctor in a similar position. The fee is agreed upon in advance as a fixed hourly rate. The conditions can be individually negotiated for each assignment, not only more flexibility but also <strong>greater financial freedom.<\/strong><\/p>\n\n\n\n<h2 class=\"wp-block-heading has-ast-global-color-0-color has-text-color has-link-color has-medium-font-size wp-elements-7d9061096ba441d0c493a3e01cb5fb2e\"><strong>Wie unterst\u00fctzt Sie Ruteeb GmbH bei Ihrer T\u00e4tigkeit als Honorararzt?<\/strong><\/h2>\n\n\n\n<p>With our support, nothing stands in the way of your success! We ensure that you can enjoy attractive compensation, flexible working hours, and more freedom in your work. Don't have experience working independently yet? No problem \u2013 we will prepare you optimally for your entry into the role of a fee-based doctor!<\/p>\n\n\n\n<h3 class=\"wp-block-heading has-ast-global-color-0-color has-text-color has-link-color has-medium-font-size wp-elements-d2968ab18102b214e934839c4fa04dbf\">Ihre Vorteile mit Ruteeb GmbH:<\/h3>\n\n\n\n<ul>\n<li>We find the position that suits you, your needs, and skills best.<\/li>\n\n\n\n<li class=\"translation-block\">We value transparency and ensure that the salary is fair and market oriented.<\/li>\n\n\n\n<li>Thanks to our experience and professional network, we collaborate closely with renowned clinics and institutes throughout Germany.<\/li>\n\n\n\n<li>As a comprehensive partner, we support you with all the relevant information and training you need to start your work as a fee-based doctor worry-free.<\/li>\n<\/ul>\n\n\n\n<p>Contact us now to start your career as a fee-based  doctor!<\/p>\n\n\n\n<div style=\"height:45px\" aria-hidden=\"true\" class=\"wp-block-spacer\"><\/div>\n\n\n\n<div data-aos= \"zoom-in\" data-aos-duration=\"400\" data-aos-delay=\"0\" data-aos-easing=\"ease\" data-aos-once=\"true\" class=\"wp-block-uagb-buttons uagb-buttons__outer-wrap uagb-btn__default-btn uagb-btn-tablet__default-btn uagb-btn-mobile__default-btn uagb-block-2e7988fe\"><div class=\"uagb-buttons__wrap uagb-buttons-layout-wrap\">\n<div class=\"wp-block-uagb-buttons-child uagb-buttons__outer-wrap uagb-block-a829f22e wp-block-button\"><div class=\"uagb-button__wrapper\"><a class=\"uagb-buttons-repeater wp-block-button__link\" aria-label=\"\" href=\"https:\/\/www.po-r.de\/en\/kontakt\/\" rel=\"follow noopener\" target=\"_blank\" role=\"button\"><div class=\"uagb-button__link\">Contact us now. <\/div><\/a><\/div><\/div>\n<\/div><\/div>\n\n\n\n<div style=\"height:118px\" aria-hidden=\"true\" class=\"wp-block-spacer\"><\/div>","protected":false},"excerpt":{"rendered":"<p>Egal ob Radiologie, Facharzt, Chefarzt, Assistenzarzt oder sonstige pflegerische Fachrichtung: Wir vermitteln Sie als Honorararzt zu lukrativen Auftr\u00e4gen in ganz Deutschland. Was genau ist ein Honorararzt? Selbstst\u00e4ndige \u00c4rzte, die f\u00fcr unterschiedliche Auftraggeber zu einem festgelegten Stundenlohn t\u00e4tig sind, werden als Honorar\u00e4rzte oder auch als Leih\u00e4rzte bezeichnet. Welche Vorteile haben Sie als Honorararzt? Viele \u00c4rzte bevorzugen [&hellip;]<\/p>\n","protected":false},"author":1,"featured_media":42,"parent":0,"menu_order":0,"comment_status":"closed","ping_status":"closed","template":"","meta":{"_uag_custom_page_level_css":"","site-sidebar-layout":"default","site-content-layout":"","ast-site-content-layout":"default","site-content-style":"default","site-sidebar-style":"default","ast-global-header-display":"","ast-banner-title-visibility":"","ast-main-header-display":"","ast-hfb-above-header-display":"","ast-hfb-below-header-display":"","ast-hfb-mobile-header-display":"","site-post-title":"disabled","ast-breadcrumbs-content":"","ast-featured-img":"","footer-sml-layout":"","ast-disable-related-posts":"","theme-transparent-header-meta":"","adv-header-id-meta":"","stick-header-meta":"","header-above-stick-meta":"","header-main-stick-meta":"","header-below-stick-meta":"","astra-migrate-meta-layouts":"default","ast-page-background-enabled":"default","ast-page-background-meta":{"desktop":{"background-color":"var(--ast-global-color-4)","background-image":"","background-repeat":"repeat","background-position":"center center","background-size":"auto","background-attachment":"scroll","background-type":"","background-media":"","overlay-type":"","overlay-color":"","overlay-opacity":"","overlay-gradient":""},"tablet":{"background-color":"","background-image":"","background-repeat":"repeat","background-position":"center center","background-size":"auto","background-attachment":"scroll","background-type":"","background-media":"","overlay-type":"","overlay-color":"","overlay-opacity":"","overlay-gradient":""},"mobile":{"background-color":"","background-image":"","background-repeat":"repeat","background-position":"center center","background-size":"auto","background-attachment":"scroll","background-type":"","background-media":"","overlay-type":"","overlay-color":"","overlay-opacity":"","overlay-gradient":""}},"ast-content-background-meta":{"desktop":{"background-color":"var(--ast-global-color-5)","background-image":"","background-repeat":"repeat","background-position":"center center","background-size":"auto","background-attachment":"scroll","background-type":"","background-media":"","overlay-type":"","overlay-color":"","overlay-opacity":"","overlay-gradient":""},"tablet":{"background-color":"var(--ast-global-color-5)","background-image":"","background-repeat":"repeat","background-position":"center center","background-size":"auto","background-attachment":"scroll","background-type":"","background-media":"","overlay-type":"","overlay-color":"","overlay-opacity":"","overlay-gradient":""},"mobile":{"background-color":"var(--ast-global-color-5)","background-image":"","background-repeat":"repeat","background-position":"center center","background-size":"auto","background-attachment":"scroll","background-type":"","background-media":"","overlay-type":"","overlay-color":"","overlay-opacity":"","overlay-gradient":""}},"footnotes":""},"uagb_featured_image_src":{"full":["https:\/\/www.po-r.de\/wp-content\/uploads\/2023\/08\/portrait-of-a-confident-female-doctor.jpg",2000,1333,false],"thumbnail":["https:\/\/www.po-r.de\/wp-content\/uploads\/2023\/08\/portrait-of-a-confident-female-doctor-150x150.jpg",150,150,true],"medium":["https:\/\/www.po-r.de\/wp-content\/uploads\/2023\/08\/portrait-of-a-confident-female-doctor-300x200.jpg",300,200,true],"medium_large":["https:\/\/www.po-r.de\/wp-content\/uploads\/2023\/08\/portrait-of-a-confident-female-doctor-768x512.jpg",768,512,true],"large":["https:\/\/www.po-r.de\/wp-content\/uploads\/2023\/08\/portrait-of-a-confident-female-doctor-1024x682.jpg",1024,682,true],"1536x1536":["https:\/\/www.po-r.de\/wp-content\/uploads\/2023\/08\/portrait-of-a-confident-female-doctor-1536x1024.jpg",1536,1024,true],"2048x2048":["https:\/\/www.po-r.de\/wp-content\/uploads\/2023\/08\/portrait-of-a-confident-female-doctor.jpg",2000,1333,false],"trp-custom-language-flag":["https:\/\/www.po-r.de\/wp-content\/uploads\/2023\/08\/portrait-of-a-confident-female-doctor.jpg",18,12,false],"depicter-thumbnail":["https:\/\/www.po-r.de\/wp-content\/uploads\/2023\/08\/portrait-of-a-confident-female-doctor.jpg",200,133,false]},"uagb_author_info":{"display_name":"admin","author_link":"https:\/\/www.po-r.de\/en\/author\/admin\/"},"uagb_comment_info":0,"uagb_excerpt":"Egal ob Radiologie, Facharzt, Chefarzt, Assistenzarzt oder sonstige pflegerische Fachrichtung: Wir vermitteln Sie als Honorararzt zu lukrativen Auftr\u00e4gen in ganz Deutschland. Was genau ist ein Honorararzt? Selbstst\u00e4ndige \u00c4rzte, die f\u00fcr unterschiedliche Auftraggeber zu einem festgelegten Stundenlohn t\u00e4tig sind, werden als Honorar\u00e4rzte oder auch als Leih\u00e4rzte bezeichnet. Welche Vorteile haben Sie als Honorararzt? Viele \u00c4rzte bevorzugen&hellip;","_links":{"self":[{"href":"https:\/\/www.po-r.de\/en\/wp-json\/wp\/v2\/pages\/359"}],"collection":[{"href":"https:\/\/www.po-r.de\/en\/wp-json\/wp\/v2\/pages"}],"about":[{"href":"https:\/\/www.po-r.de\/en\/wp-json\/wp\/v2\/types\/page"}],"author":[{"embeddable":true,"href":"https:\/\/www.po-r.de\/en\/wp-json\/wp\/v2\/users\/1"}],"replies":[{"embeddable":true,"href":"https:\/\/www.po-r.de\/en\/wp-json\/wp\/v2\/comments?post=359"}],"version-history":[{"count":19,"href":"https:\/\/www.po-r.de\/en\/wp-json\/wp\/v2\/pages\/359\/revisions"}],"predecessor-version":[{"id":1251,"href":"https:\/\/www.po-r.de\/en\/wp-json\/wp\/v2\/pages\/359\/revisions\/1251"}],"wp:featuredmedia":[{"embeddable":true,"href":"https:\/\/www.po-r.de\/en\/wp-json\/wp\/v2\/media\/42"}],"wp:attachment":[{"href":"https:\/\/www.po-r.de\/en\/wp-json\/wp\/v2\/media?parent=359"}],"curies":[{"name":"wp","href":"https:\/\/api.w.org\/{rel}","templated":true}]}}