{"id":117,"date":"2023-08-26T10:01:43","date_gmt":"2023-08-26T10:01:43","guid":{"rendered":"http:\/\/po-r.de\/?page_id=117"},"modified":"2025-09-27T14:27:46","modified_gmt":"2025-09-27T14:27:46","slug":"leistungen","status":"publish","type":"page","link":"https:\/\/www.po-r.de\/en\/leistungen\/","title":{"rendered":"Services"},"content":{"rendered":"<h3 class=\"wp-block-heading\">For Doctors<\/h3>\n\n\n\n<div class=\"wp-block-columns is-layout-flex wp-container-core-columns-is-layout-1 wp-block-columns-is-layout-flex\">\n<div class=\"wp-block-column is-layout-flow wp-block-column-is-layout-flow\" style=\"flex-basis:33.33%\">\n<figure class=\"wp-block-image size-large\"><img loading=\"lazy\" decoding=\"async\" width=\"1024\" height=\"679\" src=\"http:\/\/po-r.de\/wp-content\/uploads\/2023\/08\/medicine-doctor-team-1-2-1024x679.jpg\" alt=\"\" class=\"wp-image-119\" srcset=\"https:\/\/www.po-r.de\/wp-content\/uploads\/2023\/08\/medicine-doctor-team-1-2-1024x679.jpg 1024w, https:\/\/www.po-r.de\/wp-content\/uploads\/2023\/08\/medicine-doctor-team-1-2-300x199.jpg 300w, https:\/\/www.po-r.de\/wp-content\/uploads\/2023\/08\/medicine-doctor-team-1-2-768x510.jpg 768w, https:\/\/www.po-r.de\/wp-content\/uploads\/2023\/08\/medicine-doctor-team-1-2-1536x1019.jpg 1536w, https:\/\/www.po-r.de\/wp-content\/uploads\/2023\/08\/medicine-doctor-team-1-2.jpg 2000w\" sizes=\"(max-width: 1024px) 100vw, 1024px\" \/><\/figure>\n<\/div>\n\n\n\n<div class=\"wp-block-column is-layout-flow wp-block-column-is-layout-flow\" style=\"flex-basis:66.66%\">\n<div class=\"wp-block-group is-layout-constrained wp-block-group-is-layout-constrained\">\n<details class=\"wp-block-details is-layout-flow wp-block-details-is-layout-flow\"><summary>Die Ruteeb GmbH ist darauf speziali\u00adsiert, Assistenz- und Fach\u00e4rzte aus unter\u00adschied\u00adlichen Fach\u00adbereichen an medizinische Einrichtungen zu ver\u00admit\u00adteln. Wir vermitteln deutschlandweit, aber auch ins benachbarte Ausland. Unsere Aufgabe ist es, alle administrativen und koordinierenden Aufgaben f\u00fcr Sie als Arzt zu \u00fcbernehmen und Ihnen den Wechsel so einfach wie m\u00f6glich zu machen. Sie werden ganzheitlich, pers\u00f6nlich und kompetent von uns beraten und unterst\u00fctzt. Wir finden die passenden individuellen Angebote f\u00fcr Sie und Ihre Bed\u00fcrfnisse, seien es flexible Arbeitsmodelle, Festanstellungen oder Honorart\u00e4tigkeiten. Zudem wird ein umfassendes Startpaket mit allen wichtigen Informationen der jeweiligen Einrichtung fertig gestellt und ausgeh\u00e4ndigt, um Ihnen den Start zu erleichtern.<br><\/summary>\n<p><\/p>\n<\/details>\n<\/div>\n\n\n\n<div class=\"wp-block-buttons is-layout-flex wp-container-core-buttons-is-layout-1 wp-block-buttons-is-layout-flex\" style=\"margin-top:var(--wp--preset--spacing--60);margin-bottom:var(--wp--preset--spacing--60)\">\n<div class=\"wp-block-button\"><a class=\"wp-block-button__link has-ast-global-color-5-color has-text-color has-link-color wp-element-button\" href=\"https:\/\/www.po-r.de\/en\/leistungen\/arzt-jobs-stellenangebote\/\" target=\"_blank\" rel=\"noreferrer noopener\">Services for doctors<\/a><\/div>\n<\/div>\n<\/div>\n<\/div>\n\n\n\n<h3 class=\"wp-block-heading\">For Nursing Staff<\/h3>\n\n\n\n<div class=\"wp-block-columns is-layout-flex wp-container-core-columns-is-layout-2 wp-block-columns-is-layout-flex\">\n<div class=\"wp-block-column is-layout-flow wp-block-column-is-layout-flow\" style=\"flex-basis:33.33%\">\n<figure class=\"wp-block-image size-full\"><img loading=\"lazy\" decoding=\"async\" width=\"1024\" height=\"684\" src=\"https:\/\/www.po-r.de\/wp-content\/uploads\/2023\/08\/portrait-of-female-doctor-in-meeting-differential-focus-1024x684-1.jpg\" alt=\"Personalvermittlung und Jobs - Medizinisches Personal - \u00c4rzte und Pflegekr\u00e4fte - Personalorbit Ruteeb\" class=\"wp-image-43\" srcset=\"https:\/\/www.po-r.de\/wp-content\/uploads\/2023\/08\/portrait-of-female-doctor-in-meeting-differential-focus-1024x684-1.jpg 1024w, https:\/\/www.po-r.de\/wp-content\/uploads\/2023\/08\/portrait-of-female-doctor-in-meeting-differential-focus-1024x684-1-300x200.jpg 300w, https:\/\/www.po-r.de\/wp-content\/uploads\/2023\/08\/portrait-of-female-doctor-in-meeting-differential-focus-1024x684-1-768x513.jpg 768w\" sizes=\"(max-width: 1024px) 100vw, 1024px\" \/><\/figure>\n<\/div>\n\n\n\n<div class=\"wp-block-column is-layout-flow wp-block-column-is-layout-flow\" style=\"flex-basis:66.66%\">\n<div class=\"wp-block-group is-layout-constrained wp-block-group-is-layout-constrained\">\n<details class=\"wp-block-details is-layout-flow wp-block-details-is-layout-flow\"><summary>Die Ruteeb GmbH vermittelt bundesweit Pflegefachkr\u00e4fte und OP-Fachpersonal f\u00fcr jegliche Art von Eins\u00e4tzen an Kliniken, Praxen und ambulanten Pflegeeinrichtungen. Wir achten auf faire Verg\u00fctung und auf eine ausgewogene Balance zwischen Arbeit und Familie. \u00dcber die Vermittlung hinaus \u00fcbernehmen wir die administrativen und organisatorischen Aufgaben f\u00fcr Sie. Unser Service umfasst ebenso die Beratung \u00fcber vertrags- und abrechnungsrelevante Leistungen, um Ihnen den Start zu erleichtern. Freiheit und Flexibilit\u00e4t stehen ganz klar im Vordergrund.<br><\/summary>\n<p><\/p>\n\n\n\n<div style=\"height:35px\" aria-hidden=\"true\" class=\"wp-block-spacer\"><\/div>\n<\/details>\n<\/div>\n\n\n\n<div class=\"wp-block-buttons is-layout-flex wp-block-buttons-is-layout-flex\" style=\"margin-top:var(--wp--preset--spacing--60);margin-bottom:var(--wp--preset--spacing--60)\">\n<div class=\"wp-block-button\"><a class=\"wp-block-button__link has-ast-global-color-5-color has-text-color has-link-color wp-element-button\" href=\"https:\/\/www.po-r.de\/en\/leistungen\/pflege-jobs-stellenangebote\/\" target=\"_blank\" rel=\"noreferrer noopener\">Leistungen f\u00fcr Pflege<\/a><\/div>\n<\/div>\n<\/div>\n<\/div>\n\n\n\n<h3 class=\"wp-block-heading\"><strong>For Institutions<\/strong><\/h3>\n\n\n\n<div class=\"wp-block-columns is-layout-flex wp-container-core-columns-is-layout-3 wp-block-columns-is-layout-flex\">\n<div class=\"wp-block-column is-layout-flow wp-block-column-is-layout-flow\" style=\"flex-basis:33.33%\">\n<figure class=\"wp-block-image size-full\"><img loading=\"lazy\" decoding=\"async\" width=\"1024\" height=\"693\" src=\"https:\/\/www.po-r.de\/wp-content\/uploads\/2023\/08\/sterile-hospital-corridor-1024x693-2.jpg\" alt=\"Medizinische Personalvermittlung - Personalorbit Ruteeb\" class=\"wp-image-120\" srcset=\"https:\/\/www.po-r.de\/wp-content\/uploads\/2023\/08\/sterile-hospital-corridor-1024x693-2.jpg 1024w, https:\/\/www.po-r.de\/wp-content\/uploads\/2023\/08\/sterile-hospital-corridor-1024x693-2-300x203.jpg 300w, https:\/\/www.po-r.de\/wp-content\/uploads\/2023\/08\/sterile-hospital-corridor-1024x693-2-768x520.jpg 768w\" sizes=\"(max-width: 1024px) 100vw, 1024px\" \/><\/figure>\n<\/div>\n\n\n\n<div class=\"wp-block-column is-layout-flow wp-block-column-is-layout-flow\" style=\"flex-basis:66.66%\">\n<div class=\"wp-block-group is-layout-constrained wp-block-group-is-layout-constrained\">\n<details class=\"wp-block-details is-layout-flow wp-block-details-is-layout-flow\"><summary>For your clinic or care facility, you'll find the appropriate medical personnel with us. We mediate job positions and assist in personnel selection. We are happy to take on organizational tasks and help you find the right employees for flexible assignments or permanent positions.<br><\/summary>\n<p><\/p>\n\n\n\n<div style=\"height:35px\" aria-hidden=\"true\" class=\"wp-block-spacer\"><\/div>\n<\/details>\n<\/div>\n\n\n\n<div class=\"wp-block-buttons is-layout-flex wp-block-buttons-is-layout-flex\" style=\"margin-top:var(--wp--preset--spacing--60);margin-bottom:var(--wp--preset--spacing--60)\">\n<div class=\"wp-block-button\"><a class=\"wp-block-button__link has-ast-global-color-5-color has-text-color has-link-color wp-element-button\" href=\"https:\/\/www.po-r.de\/en\/medizinische-personalvermittlung-stellenangebote-personalorbit-ruteeb\/\" target=\"_blank\" rel=\"noreferrer noopener\">Services for institutions<\/a><\/div>\n<\/div>\n<\/div>\n<\/div>","protected":false},"excerpt":{"rendered":"<p>F\u00fcr \u00c4rzte F\u00fcr Pflegekr\u00e4fte F\u00fcr Einrichtungen<\/p>","protected":false},"author":1,"featured_media":0,"parent":0,"menu_order":0,"comment_status":"closed","ping_status":"closed","template":"","meta":{"_uag_custom_page_level_css":"","site-sidebar-layout":"default","site-content-layout":"","ast-site-content-layout":"default","site-content-style":"default","site-sidebar-style":"default","ast-global-header-display":"","ast-banner-title-visibility":"","ast-main-header-display":"","ast-hfb-above-header-display":"","ast-hfb-below-header-display":"","ast-hfb-mobile-header-display":"","site-post-title":"","ast-breadcrumbs-content":"","ast-featured-img":"","footer-sml-layout":"","ast-disable-related-posts":"","theme-transparent-header-meta":"","adv-header-id-meta":"","stick-header-meta":"","header-above-stick-meta":"","header-main-stick-meta":"","header-below-stick-meta":"","astra-migrate-meta-layouts":"default","ast-page-background-enabled":"default","ast-page-background-meta":{"desktop":{"background-color":"var(--ast-global-color-4)","background-image":"","background-repeat":"repeat","background-position":"center center","background-size":"auto","background-attachment":"scroll","background-type":"","background-media":"","overlay-type":"","overlay-color":"","overlay-opacity":"","overlay-gradient":""},"tablet":{"background-color":"","background-image":"","background-repeat":"repeat","background-position":"center center","background-size":"auto","background-attachment":"scroll","background-type":"","background-media":"","overlay-type":"","overlay-color":"","overlay-opacity":"","overlay-gradient":""},"mobile":{"background-color":"","background-image":"","background-repeat":"repeat","background-position":"center center","background-size":"auto","background-attachment":"scroll","background-type":"","background-media":"","overlay-type":"","overlay-color":"","overlay-opacity":"","overlay-gradient":""}},"ast-content-background-meta":{"desktop":{"background-color":"var(--ast-global-color-5)","background-image":"","background-repeat":"repeat","background-position":"center center","background-size":"auto","background-attachment":"scroll","background-type":"","background-media":"","overlay-type":"","overlay-color":"","overlay-opacity":"","overlay-gradient":""},"tablet":{"background-color":"var(--ast-global-color-5)","background-image":"","background-repeat":"repeat","background-position":"center center","background-size":"auto","background-attachment":"scroll","background-type":"","background-media":"","overlay-type":"","overlay-color":"","overlay-opacity":"","overlay-gradient":""},"mobile":{"background-color":"var(--ast-global-color-5)","background-image":"","background-repeat":"repeat","background-position":"center center","background-size":"auto","background-attachment":"scroll","background-type":"","background-media":"","overlay-type":"","overlay-color":"","overlay-opacity":"","overlay-gradient":""}},"footnotes":""},"uagb_featured_image_src":{"full":false,"thumbnail":false,"medium":false,"medium_large":false,"large":false,"1536x1536":false,"2048x2048":false,"trp-custom-language-flag":false,"depicter-thumbnail":false},"uagb_author_info":{"display_name":"admin","author_link":"https:\/\/www.po-r.de\/en\/author\/admin\/"},"uagb_comment_info":0,"uagb_excerpt":"F\u00fcr \u00c4rzte F\u00fcr Pflegekr\u00e4fte F\u00fcr Einrichtungen","_links":{"self":[{"href":"https:\/\/www.po-r.de\/en\/wp-json\/wp\/v2\/pages\/117"}],"collection":[{"href":"https:\/\/www.po-r.de\/en\/wp-json\/wp\/v2\/pages"}],"about":[{"href":"https:\/\/www.po-r.de\/en\/wp-json\/wp\/v2\/types\/page"}],"author":[{"embeddable":true,"href":"https:\/\/www.po-r.de\/en\/wp-json\/wp\/v2\/users\/1"}],"replies":[{"embeddable":true,"href":"https:\/\/www.po-r.de\/en\/wp-json\/wp\/v2\/comments?post=117"}],"version-history":[{"count":13,"href":"https:\/\/www.po-r.de\/en\/wp-json\/wp\/v2\/pages\/117\/revisions"}],"predecessor-version":[{"id":1255,"href":"https:\/\/www.po-r.de\/en\/wp-json\/wp\/v2\/pages\/117\/revisions\/1255"}],"wp:attachment":[{"href":"https:\/\/www.po-r.de\/en\/wp-json\/wp\/v2\/media?parent=117"}],"curies":[{"name":"wp","href":"https:\/\/api.w.org\/{rel}","templated":true}]}}