{"id":108,"date":"2023-08-21T17:24:46","date_gmt":"2023-08-21T17:24:46","guid":{"rendered":"http:\/\/po-r.de\/?page_id=108"},"modified":"2025-12-28T14:11:05","modified_gmt":"2025-12-28T14:11:05","slug":"ueber-uns","status":"publish","type":"page","link":"https:\/\/www.po-r.de\/en\/ueber-uns\/","title":{"rendered":"About us"},"content":{"rendered":"<h2 class=\"wp-block-heading\">About us<\/h2>\n\n\n\n<figure class=\"wp-block-image alignleft size-large is-resized\"><img loading=\"lazy\" decoding=\"async\" width=\"1024\" height=\"686\" src=\"https:\/\/www.po-r.de\/wp-content\/uploads\/2023\/08\/doctor-at-hospital-standing-in-front-of-team-1-1024x686.jpg\" alt=\"Medizinisches Personal - Personalvermittlung und Stellenangebote - Personalorbit Ruteeb\" class=\"wp-image-150\" style=\"width:534px;height:auto\" srcset=\"https:\/\/www.po-r.de\/wp-content\/uploads\/2023\/08\/doctor-at-hospital-standing-in-front-of-team-1-1024x686.jpg 1024w, https:\/\/www.po-r.de\/wp-content\/uploads\/2023\/08\/doctor-at-hospital-standing-in-front-of-team-1-300x201.jpg 300w, https:\/\/www.po-r.de\/wp-content\/uploads\/2023\/08\/doctor-at-hospital-standing-in-front-of-team-1-768x515.jpg 768w, https:\/\/www.po-r.de\/wp-content\/uploads\/2023\/08\/doctor-at-hospital-standing-in-front-of-team-1-1536x1029.jpg 1536w, https:\/\/www.po-r.de\/wp-content\/uploads\/2023\/08\/doctor-at-hospital-standing-in-front-of-team-1.jpg 2000w\" sizes=\"(max-width: 1024px) 100vw, 1024px\" \/><\/figure>\n\n\n\n<p>We are professionals in personnel services. Our range of services is aimed at medical professionals including doctors, nurses, and psychologists, encompassing both freelance assignments and permanent positions.<\/p>\n\n\n\n<p><\/p>\n\n\n\n<p><\/p>\n\n\n\n<p><\/p>\n\n\n\n<p><\/p>\n\n\n\n<p><\/p>\n\n\n\n<p><\/p>\n\n\n\n<p><\/p>\n\n\n\n<p><\/p>\n\n\n\n<p><\/p>\n\n\n\n<h2 class=\"wp-block-heading has-text-align-center has-ast-global-color-2-color has-text-color translation-block\">Contact person<\/h2>\n\n\n\n<div class=\"wp-block-columns is-layout-flex wp-container-core-columns-is-layout-1 wp-block-columns-is-layout-flex\">\n<div class=\"wp-block-column is-layout-flow wp-block-column-is-layout-flow\">\n<figure class=\"wp-block-image size-full\"><img loading=\"lazy\" decoding=\"async\" width=\"480\" height=\"481\" src=\"https:\/\/www.po-r.de\/wp-content\/uploads\/2024\/09\/Zirkel-2.png\" alt=\"\" class=\"wp-image-1143\" srcset=\"https:\/\/www.po-r.de\/wp-content\/uploads\/2024\/09\/Zirkel-2.png 480w, https:\/\/www.po-r.de\/wp-content\/uploads\/2024\/09\/Zirkel-2-300x300.png 300w, https:\/\/www.po-r.de\/wp-content\/uploads\/2024\/09\/Zirkel-2-150x150.png 150w, https:\/\/www.po-r.de\/wp-content\/uploads\/2024\/09\/Zirkel-2-12x12.png 12w, https:\/\/www.po-r.de\/wp-content\/uploads\/2024\/09\/Zirkel-2-200x200.png 200w\" sizes=\"(max-width: 480px) 100vw, 480px\" \/><\/figure>\n\n\n\n<p><\/p>\n\n\n\n<p class=\"has-text-align-center has-ast-global-color-8-color has-text-color has-medium-font-size\"><strong>GmbH-Gesch\u00e4ftsf\u00fchrung: <\/strong><\/p>\n\n\n\n<p class=\"has-text-align-center has-ast-global-color-8-color has-text-color has-medium-font-size\"><strong>Frau <strong>Marwa<\/strong>\u00a0<strong>Elsuofi<\/strong> <\/strong><\/p>\n\n\n\n<figure class=\"wp-block-image\"><img decoding=\"async\" src=\"blob:https:\/\/www.po-r.de\/78fc8cc0-3ba0-46d9-9df5-a1fba5294ebf\" alt=\"\"\/><\/figure>\n\n\n\n<figure class=\"wp-block-image\"><img decoding=\"async\" src=\"blob:https:\/\/www.po-r.de\/4656bd57-dc1d-495a-aff4-90cf22f2087f\" alt=\"\"\/><\/figure>\n<\/div>\n\n\n\n<div class=\"wp-block-column is-layout-flow wp-block-column-is-layout-flow\">\n<figure class=\"wp-block-image size-full\"><img loading=\"lazy\" decoding=\"async\" width=\"614\" height=\"615\" src=\"https:\/\/www.po-r.de\/wp-content\/uploads\/2025\/12\/Nuseem-Telefoniert.jpg\" alt=\"\" class=\"wp-image-1273\" srcset=\"https:\/\/www.po-r.de\/wp-content\/uploads\/2025\/12\/Nuseem-Telefoniert.jpg 614w, https:\/\/www.po-r.de\/wp-content\/uploads\/2025\/12\/Nuseem-Telefoniert-300x300.jpg 300w, https:\/\/www.po-r.de\/wp-content\/uploads\/2025\/12\/Nuseem-Telefoniert-150x150.jpg 150w, https:\/\/www.po-r.de\/wp-content\/uploads\/2025\/12\/Nuseem-Telefoniert-12x12.jpg 12w, https:\/\/www.po-r.de\/wp-content\/uploads\/2025\/12\/Nuseem-Telefoniert-200x200.jpg 200w\" sizes=\"(max-width: 614px) 100vw, 614px\" \/><\/figure>\n\n\n\n<p><\/p>\n\n\n\n<p class=\"has-text-align-center has-ast-global-color-8-color has-text-color has-medium-font-size\"><strong>Dr. Nuseem Ruteeb<\/strong><\/p>\n\n\n\n<p class=\"has-text-align-center has-ast-global-color-8-color has-text-color has-medium-font-size\"><strong>Medizinischer Berater<\/strong><\/p>\n<\/div>\n<\/div>\n\n\n\n<div class=\"wp-block-columns is-layout-flex wp-container-core-columns-is-layout-2 wp-block-columns-is-layout-flex\">\n<div class=\"wp-block-column is-layout-flow wp-block-column-is-layout-flow\">\n<p><\/p>\n\n\n\n<div class=\"wp-block-uagb-image uagb-block-12c34dff wp-block-uagb-image--layout-default wp-block-uagb-image--effect-static wp-block-uagb-image--align-none\"><figure class=\"wp-block-uagb-image__figure\"><img decoding=\"async\" srcset=\"https:\/\/www.po-r.de\/wp-content\/uploads\/2024\/07\/por-team.jpg ,https:\/\/www.po-r.de\/wp-content\/uploads\/2024\/07\/por-team.jpg 780w, https:\/\/www.po-r.de\/wp-content\/uploads\/2024\/07\/por-team.jpg 360w\" sizes=\"(max-width: 480px) 150px\" src=\"https:\/\/www.po-r.de\/wp-content\/uploads\/2024\/07\/por-team.jpg\" alt=\"\" class=\"uag-image-1101\" width=\"615\" height=\"615\" title=\"por-team\" loading=\"lazy\" role=\"img\"\/><\/figure><\/div>\n\n\n\n<p><\/p>\n\n\n\n<h3 class=\"wp-block-heading has-text-align-center has-medium-font-size\">Unternehmensfachberater: Herr Hilbert Kohs<\/h3>\n\n\n\n<p class=\"has-text-align-center has-medium-font-size\">IHK-Bielefeld Fachexpert<\/p>\n<\/div>\n\n\n\n<div class=\"wp-block-column is-layout-flow wp-block-column-is-layout-flow\">\n<p><\/p>\n\n\n\n<figure class=\"wp-block-image aligncenter size-large is-resized\"><img loading=\"lazy\" decoding=\"async\" width=\"858\" height=\"1024\" src=\"https:\/\/www.po-r.de\/wp-content\/uploads\/2025\/07\/image-858x1024.png\" alt=\"\" class=\"wp-image-1223\" style=\"width:425px;height:auto\" srcset=\"https:\/\/www.po-r.de\/wp-content\/uploads\/2025\/07\/image-858x1024.png 858w, https:\/\/www.po-r.de\/wp-content\/uploads\/2025\/07\/image-251x300.png 251w, https:\/\/www.po-r.de\/wp-content\/uploads\/2025\/07\/image-768x917.png 768w, https:\/\/www.po-r.de\/wp-content\/uploads\/2025\/07\/image-1287x1536.png 1287w, https:\/\/www.po-r.de\/wp-content\/uploads\/2025\/07\/image-1716x2048.png 1716w, https:\/\/www.po-r.de\/wp-content\/uploads\/2025\/07\/image-10x12.png 10w, https:\/\/www.po-r.de\/wp-content\/uploads\/2025\/07\/image-200x239.png 200w\" sizes=\"(max-width: 858px) 100vw, 858px\" \/><\/figure>\n\n\n\n<p><\/p>\n\n\n\n<p class=\"has-text-align-center\"><strong>Frau Sabine H\u00f6pfner<\/strong> <\/p>\n<\/div>\n<\/div>\n\n\n\n<div class=\"wp-block-columns is-layout-flex wp-container-core-columns-is-layout-3 wp-block-columns-is-layout-flex\">\n<div class=\"wp-block-column has-ast-global-color-2-color has-text-color is-layout-flow wp-block-column-is-layout-flow\">\n<div class=\"wp-block-group is-layout-constrained wp-block-group-is-layout-constrained\">\n<p><\/p>\n\n\n\n<figure class=\"wp-block-image size-large is-resized\"><img loading=\"lazy\" decoding=\"async\" width=\"1024\" height=\"1024\" src=\"https:\/\/www.po-r.de\/wp-content\/uploads\/2024\/12\/bestes-1024x1024.png\" alt=\"\" class=\"wp-image-1204\" style=\"width:485px;height:auto\" srcset=\"https:\/\/www.po-r.de\/wp-content\/uploads\/2024\/12\/bestes-1024x1024.png 1024w, https:\/\/www.po-r.de\/wp-content\/uploads\/2024\/12\/bestes-300x300.png 300w, https:\/\/www.po-r.de\/wp-content\/uploads\/2024\/12\/bestes-150x150.png 150w, https:\/\/www.po-r.de\/wp-content\/uploads\/2024\/12\/bestes-768x768.png 768w, https:\/\/www.po-r.de\/wp-content\/uploads\/2024\/12\/bestes-12x12.png 12w, https:\/\/www.po-r.de\/wp-content\/uploads\/2024\/12\/bestes-200x200.png 200w, https:\/\/www.po-r.de\/wp-content\/uploads\/2024\/12\/bestes.png 1083w\" sizes=\"(max-width: 1024px) 100vw, 1024px\" \/><\/figure>\n<\/div>\n\n\n\n<p><\/p>\n\n\n\n<p><\/p>\n\n\n\n<p><\/p>\n\n\n\n<p class=\"has-text-align-center\"><strong>Dr. Mohammed Awada<\/strong><\/p>\n\n\n\n<p class=\"has-text-align-center\"><strong>Betreuer der Neuroagentur<\/strong><\/p>\n\n\n\n<p class=\"has-text-align-center\"><\/p>\n<\/div>\n\n\n\n<div class=\"wp-block-column is-layout-flow wp-block-column-is-layout-flow\">\n<p class=\"has-medium-font-size\"><\/p>\n\n\n\n<figure class=\"wp-block-image size-full is-resized\"><img loading=\"lazy\" decoding=\"async\" width=\"945\" height=\"945\" src=\"https:\/\/www.po-r.de\/wp-content\/uploads\/2024\/12\/image.png\" alt=\"\" class=\"wp-image-1166\" style=\"width:517px;height:auto\" srcset=\"https:\/\/www.po-r.de\/wp-content\/uploads\/2024\/12\/image.png 945w, https:\/\/www.po-r.de\/wp-content\/uploads\/2024\/12\/image-300x300.png 300w, https:\/\/www.po-r.de\/wp-content\/uploads\/2024\/12\/image-150x150.png 150w, https:\/\/www.po-r.de\/wp-content\/uploads\/2024\/12\/image-768x768.png 768w, https:\/\/www.po-r.de\/wp-content\/uploads\/2024\/12\/image-12x12.png 12w, https:\/\/www.po-r.de\/wp-content\/uploads\/2024\/12\/image-200x200.png 200w\" sizes=\"(max-width: 945px) 100vw, 945px\" \/><\/figure>\n\n\n\n<p><\/p>\n\n\n\n<p class=\"has-text-align-center\"><strong>Dr. <strong>Salman Alshakaki <\/strong><\/strong><\/p>\n\n\n\n<p class=\"has-text-align-center\"><strong><strong>Facharzt Neurologie<\/strong><\/strong><\/p>\n\n\n\n<p class=\"has-text-align-center\"><strong>Betreuer der Neuroagentur<\/strong><\/p>\n\n\n\n<p class=\"has-text-align-center\"><\/p>\n<\/div>\n<\/div>","protected":false},"excerpt":{"rendered":"<p>\u00dcber uns Wir sind Fachleute f\u00fcr Personaldienstleistung. Unser Leistungsangebot richtet sich an die medizinischen Berufsgruppen der \u00c4rzte, Pflegekr\u00e4fte und Psychologen und umfasst sowohl Honorareins\u00e4tze wie auch Festanstellungen. Kontaktperson GmbH-Gesch\u00e4ftsf\u00fchrung: Frau Marwa\u00a0Elsuofi Dr. Nuseem Ruteeb Medizinischer Berater Unternehmensfachberater: Herr Hilbert Kohs IHK-Bielefeld Fachexpert Frau Sabine H\u00f6pfner Dr. Mohammed Awada Betreuer der Neuroagentur Dr. Salman Alshakaki Facharzt [&hellip;]<\/p>\n","protected":false},"author":1,"featured_media":0,"parent":0,"menu_order":0,"comment_status":"closed","ping_status":"closed","template":"","meta":{"_uag_custom_page_level_css":"","site-sidebar-layout":"no-sidebar","site-content-layout":"","ast-site-content-layout":"normal-width-container","site-content-style":"default","site-sidebar-style":"default","ast-global-header-display":"","ast-banner-title-visibility":"","ast-main-header-display":"","ast-hfb-above-header-display":"","ast-hfb-below-header-display":"","ast-hfb-mobile-header-display":"","site-post-title":"","ast-breadcrumbs-content":"","ast-featured-img":"","footer-sml-layout":"","ast-disable-related-posts":"","theme-transparent-header-meta":"","adv-header-id-meta":"","stick-header-meta":"","header-above-stick-meta":"","header-main-stick-meta":"","header-below-stick-meta":"","astra-migrate-meta-layouts":"","ast-page-background-enabled":"default","ast-page-background-meta":{"desktop":{"background-color":"var(--ast-global-color-4)","background-image":"","background-repeat":"repeat","background-position":"center center","background-size":"auto","background-attachment":"scroll","background-type":"","background-media":"","overlay-type":"","overlay-color":"","overlay-opacity":"","overlay-gradient":""},"tablet":{"background-color":"","background-image":"","background-repeat":"repeat","background-position":"center center","background-size":"auto","background-attachment":"scroll","background-type":"","background-media":"","overlay-type":"","overlay-color":"","overlay-opacity":"","overlay-gradient":""},"mobile":{"background-color":"","background-image":"","background-repeat":"repeat","background-position":"center center","background-size":"auto","background-attachment":"scroll","background-type":"","background-media":"","overlay-type":"","overlay-color":"","overlay-opacity":"","overlay-gradient":""}},"ast-content-background-meta":{"desktop":{"background-color":"var(--ast-global-color-5)","background-image":"","background-repeat":"repeat","background-position":"center center","background-size":"auto","background-attachment":"scroll","background-type":"","background-media":"","overlay-type":"","overlay-color":"","overlay-opacity":"","overlay-gradient":""},"tablet":{"background-color":"var(--ast-global-color-5)","background-image":"","background-repeat":"repeat","background-position":"center center","background-size":"auto","background-attachment":"scroll","background-type":"","background-media":"","overlay-type":"","overlay-color":"","overlay-opacity":"","overlay-gradient":""},"mobile":{"background-color":"var(--ast-global-color-5)","background-image":"","background-repeat":"repeat","background-position":"center center","background-size":"auto","background-attachment":"scroll","background-type":"","background-media":"","overlay-type":"","overlay-color":"","overlay-opacity":"","overlay-gradient":""}},"footnotes":""},"uagb_featured_image_src":{"full":false,"thumbnail":false,"medium":false,"medium_large":false,"large":false,"1536x1536":false,"2048x2048":false,"trp-custom-language-flag":false,"depicter-thumbnail":false},"uagb_author_info":{"display_name":"admin","author_link":"https:\/\/www.po-r.de\/en\/author\/admin\/"},"uagb_comment_info":0,"uagb_excerpt":"\u00dcber uns Wir sind Fachleute f\u00fcr Personaldienstleistung. Unser Leistungsangebot richtet sich an die medizinischen Berufsgruppen der \u00c4rzte, Pflegekr\u00e4fte und Psychologen und umfasst sowohl Honorareins\u00e4tze wie auch Festanstellungen. Kontaktperson GmbH-Gesch\u00e4ftsf\u00fchrung: Frau Marwa\u00a0Elsuofi Dr. Nuseem Ruteeb Medizinischer Berater Unternehmensfachberater: Herr Hilbert Kohs IHK-Bielefeld Fachexpert Frau Sabine H\u00f6pfner Dr. Mohammed Awada Betreuer der Neuroagentur Dr. Salman Alshakaki Facharzt&hellip;","_links":{"self":[{"href":"https:\/\/www.po-r.de\/en\/wp-json\/wp\/v2\/pages\/108"}],"collection":[{"href":"https:\/\/www.po-r.de\/en\/wp-json\/wp\/v2\/pages"}],"about":[{"href":"https:\/\/www.po-r.de\/en\/wp-json\/wp\/v2\/types\/page"}],"author":[{"embeddable":true,"href":"https:\/\/www.po-r.de\/en\/wp-json\/wp\/v2\/users\/1"}],"replies":[{"embeddable":true,"href":"https:\/\/www.po-r.de\/en\/wp-json\/wp\/v2\/comments?post=108"}],"version-history":[{"count":93,"href":"https:\/\/www.po-r.de\/en\/wp-json\/wp\/v2\/pages\/108\/revisions"}],"predecessor-version":[{"id":1282,"href":"https:\/\/www.po-r.de\/en\/wp-json\/wp\/v2\/pages\/108\/revisions\/1282"}],"wp:attachment":[{"href":"https:\/\/www.po-r.de\/en\/wp-json\/wp\/v2\/media?parent=108"}],"curies":[{"name":"wp","href":"https:\/\/api.w.org\/{rel}","templated":true}]}}